{"id":76,"date":"2017-02-28T09:47:59","date_gmt":"2017-02-28T09:47:59","guid":{"rendered":"https:\/\/www.asostockerau.at\/wordpress\/?page_id=76"},"modified":"2017-11-11T11:22:25","modified_gmt":"2017-11-11T10:22:25","slug":"bustransport-fa-moser","status":"publish","type":"page","link":"https:\/\/www.asostockerau.at\/wordpress\/?page_id=76","title":{"rendered":"Bustransport Fa. Moser"},"content":{"rendered":"<p><img loading=\"lazy\" decoding=\"async\" width=\"281\" height=\"211\" class=\" wp-image-283 alignleft\" alt=\"\" src=\"https:\/\/www.asostockerau.at\/wordpress\/wp-content\/uploads\/2017\/10\/DSCN0522-300x225.jpg\" srcset=\"https:\/\/www.asostockerau.at\/wordpress\/wp-content\/uploads\/2017\/10\/DSCN0522-300x225.jpg 300w, https:\/\/www.asostockerau.at\/wordpress\/wp-content\/uploads\/2017\/10\/DSCN0522-768x576.jpg 768w, https:\/\/www.asostockerau.at\/wordpress\/wp-content\/uploads\/2017\/10\/DSCN0522-1024x768.jpg 1024w\" sizes=\"auto, (max-width: 281px) 100vw, 281px\" \/><img loading=\"lazy\" decoding=\"async\" width=\"281\" height=\"211\" class=\"wp-image-728 alignright\" alt=\"\" src=\"https:\/\/www.asostockerau.at\/wordpress\/wp-content\/uploads\/2017\/02\/DSCN5690.jpg\" srcset=\"https:\/\/www.asostockerau.at\/wordpress\/wp-content\/uploads\/2017\/02\/DSCN5690.jpg 4608w, https:\/\/www.asostockerau.at\/wordpress\/wp-content\/uploads\/2017\/02\/DSCN5690-768x576.jpg 768w\" sizes=\"auto, (max-width: 281px) 100vw, 281px\" \/><\/p>\n<p>&nbsp;<\/p>\n<p>&nbsp;<\/p>\n<p>&nbsp;<\/p>\n<p>&nbsp;<\/p>\n<p>&nbsp;<\/p>\n<p style=\"text-align: left;\"><span style=\"color: #000000; font-family: verdana,geneva,sans-serif;\">Zum t\u00e4glichen Unterricht werden einige Sch\u00fclerinnen und Sch\u00fcler mit Spezialbussen&nbsp;gebracht. Sie werden direkt von zu Hause abgeholt und nach dem Unterricht den Eltern wieder \u00fcbergeben. Auch der Transport von Sch\u00fclerinnen und Sch\u00fclern im Rollstuhl ist m\u00f6glich.<\/span><\/p>\n<p>&nbsp;<\/p>\n","protected":false},"excerpt":{"rendered":"<p>&nbsp; &nbsp; &nbsp; &nbsp; &nbsp; Zum t\u00e4glichen Unterricht werden einige Sch\u00fclerinnen und Sch\u00fcler mit Spezialbussen&nbsp;gebracht. Sie werden direkt von zu Hause abgeholt und nach dem Unterricht den Eltern wieder \u00fcbergeben. Auch der Transport von Sch\u00fclerinnen und Sch\u00fclern im Rollstuhl ist m\u00f6glich. &nbsp;<\/p>\n","protected":false},"author":5,"featured_media":0,"parent":72,"menu_order":0,"comment_status":"closed","ping_status":"closed","template":"","meta":{"ngg_post_thumbnail":0,"footnotes":""},"class_list":["post-76","page","type-page","status-publish","hentry"],"_links":{"self":[{"href":"https:\/\/www.asostockerau.at\/wordpress\/index.php?rest_route=\/wp\/v2\/pages\/76","targetHints":{"allow":["GET"]}}],"collection":[{"href":"https:\/\/www.asostockerau.at\/wordpress\/index.php?rest_route=\/wp\/v2\/pages"}],"about":[{"href":"https:\/\/www.asostockerau.at\/wordpress\/index.php?rest_route=\/wp\/v2\/types\/page"}],"author":[{"embeddable":true,"href":"https:\/\/www.asostockerau.at\/wordpress\/index.php?rest_route=\/wp\/v2\/users\/5"}],"replies":[{"embeddable":true,"href":"https:\/\/www.asostockerau.at\/wordpress\/index.php?rest_route=%2Fwp%2Fv2%2Fcomments&post=76"}],"version-history":[{"count":7,"href":"https:\/\/www.asostockerau.at\/wordpress\/index.php?rest_route=\/wp\/v2\/pages\/76\/revisions"}],"predecessor-version":[{"id":729,"href":"https:\/\/www.asostockerau.at\/wordpress\/index.php?rest_route=\/wp\/v2\/pages\/76\/revisions\/729"}],"up":[{"embeddable":true,"href":"https:\/\/www.asostockerau.at\/wordpress\/index.php?rest_route=\/wp\/v2\/pages\/72"}],"wp:attachment":[{"href":"https:\/\/www.asostockerau.at\/wordpress\/index.php?rest_route=%2Fwp%2Fv2%2Fmedia&parent=76"}],"curies":[{"name":"wp","href":"https:\/\/api.w.org\/{rel}","templated":true}]}}