{"id":74,"date":"2017-02-28T09:47:44","date_gmt":"2017-02-28T09:47:44","guid":{"rendered":"https:\/\/www.asostockerau.at\/wordpress\/?page_id=74"},"modified":"2017-11-11T15:06:24","modified_gmt":"2017-11-11T14:06:24","slug":"stundeneinteilung","status":"publish","type":"page","link":"https:\/\/www.asostockerau.at\/wordpress\/?page_id=74","title":{"rendered":"Stundeneinteilung"},"content":{"rendered":"<p><span style=\"font-family: verdana,geneva,sans-serif; font-size: 14pt;\">Unterrichtszeiten<\/span><\/p>\n<ul style=\"list-style-type: disc;\">\n<li><span style=\"color: #000000; font-family: verdana,geneva,sans-serif;\">1.Stunde &nbsp; &nbsp; &nbsp; 8:00 &#8211; 8:50<\/span><\/li>\n<li><span style=\"color: #000000; font-family: verdana,geneva,sans-serif;\">2.Stunde &nbsp; &nbsp; &nbsp; 8:55 &#8211; 9:45<\/span><\/li>\n<li class=\"font_7\"><span style=\"color: #000000; font-family: verdana,geneva,sans-serif;\">3.Stunde &nbsp; &nbsp; 10:00 -10:50<\/span><\/li>\n<li class=\"font_7\"><span style=\"color: #000000; font-family: verdana,geneva,sans-serif;\">4.Stunde&nbsp;&nbsp;&nbsp;&nbsp; 10:55 &#8211; 11:45<\/span><\/li>\n<li class=\"font_7\"><span style=\"color: #000000; font-family: verdana,geneva,sans-serif;\">5.Stunde &nbsp; &nbsp; 11:50 &#8211; 12:40<\/span><\/li>\n<li class=\"font_7\"><span style=\"color: #000000; font-family: verdana,geneva,sans-serif;\">6.Stunde&nbsp;&nbsp;&nbsp;&nbsp; 12:45 &#8211; 13:35<\/span><\/li>\n<li class=\"font_7\"><span style=\"color: #000000; font-family: verdana,geneva,sans-serif;\">7.Stunde&nbsp;&nbsp;&nbsp;&nbsp; 13:40 &#8211; 14:30<\/span><\/li>\n<li class=\"font_7\" style=\"text-align: justify;\"><span style=\"color: #000000; font-family: verdana,geneva,sans-serif;\">8.Stunde&nbsp;&nbsp;&nbsp;&nbsp; 14:35 &#8211; 15:25 &nbsp; &nbsp; <\/span><\/li>\n<\/ul>\n<p class=\"font_7\" style=\"text-align: justify;\"><span style=\"color: #000000; font-family: verdana,geneva,sans-serif;\"> Wir bieten t\u00e4gliche <strong>Fr\u00fchaufsicht<\/strong> ab 7:00.<span class=\"wixGuard\">\u200b<\/span><span class=\"wixGuard\">\u200b<\/span><\/span><\/p>\n<p class=\"font_7\" style=\"text-align: left;\"><span style=\"color: #000000; font-family: verdana,geneva,sans-serif; font-size: 12pt;\">Die Schulglocke l\u00e4utet nicht mehr. Damit k\u00f6nnen die Pausen je nach Bedarf und&nbsp; in jeder Klasse individuell durchgef\u00fchrt werden.<\/span><\/p>\n<pre>&nbsp;<\/pre>\n","protected":false},"excerpt":{"rendered":"<p>Unterrichtszeiten 1.Stunde &nbsp; &nbsp; &nbsp; 8:00 &#8211; 8:50 2.Stunde &nbsp; &nbsp; &nbsp; 8:55 &#8211; 9:45 3.Stunde &nbsp; &nbsp; 10:00 -10:50 4.Stunde&nbsp;&nbsp;&nbsp;&nbsp; 10:55 &#8211; 11:45 5.Stunde &nbsp; &nbsp; 11:50 &#8211; 12:40 6.Stunde&nbsp;&nbsp;&nbsp;&nbsp; 12:45 &#8211; 13:35 7.Stunde&nbsp;&nbsp;&nbsp;&nbsp; 13:40 &#8211; 14:30 8.Stunde&nbsp;&nbsp;&nbsp;&nbsp; 14:35 &#8211; 15:25 &nbsp; &nbsp; Wir bieten t\u00e4gliche Fr\u00fchaufsicht ab 7:00.\u200b\u200b Die Schulglocke l\u00e4utet nicht mehr. &hellip; <a href=\"https:\/\/www.asostockerau.at\/wordpress\/?page_id=74\" class=\"more-link\"><span class=\"screen-reader-text\">Stundeneinteilung<\/span> weiterlesen <span class=\"meta-nav\">&rarr;<\/span><\/a><\/p>\n","protected":false},"author":5,"featured_media":0,"parent":72,"menu_order":0,"comment_status":"closed","ping_status":"closed","template":"","meta":{"ngg_post_thumbnail":0,"footnotes":""},"class_list":["post-74","page","type-page","status-publish","hentry"],"_links":{"self":[{"href":"https:\/\/www.asostockerau.at\/wordpress\/index.php?rest_route=\/wp\/v2\/pages\/74","targetHints":{"allow":["GET"]}}],"collection":[{"href":"https:\/\/www.asostockerau.at\/wordpress\/index.php?rest_route=\/wp\/v2\/pages"}],"about":[{"href":"https:\/\/www.asostockerau.at\/wordpress\/index.php?rest_route=\/wp\/v2\/types\/page"}],"author":[{"embeddable":true,"href":"https:\/\/www.asostockerau.at\/wordpress\/index.php?rest_route=\/wp\/v2\/users\/5"}],"replies":[{"embeddable":true,"href":"https:\/\/www.asostockerau.at\/wordpress\/index.php?rest_route=%2Fwp%2Fv2%2Fcomments&post=74"}],"version-history":[{"count":12,"href":"https:\/\/www.asostockerau.at\/wordpress\/index.php?rest_route=\/wp\/v2\/pages\/74\/revisions"}],"predecessor-version":[{"id":770,"href":"https:\/\/www.asostockerau.at\/wordpress\/index.php?rest_route=\/wp\/v2\/pages\/74\/revisions\/770"}],"up":[{"embeddable":true,"href":"https:\/\/www.asostockerau.at\/wordpress\/index.php?rest_route=\/wp\/v2\/pages\/72"}],"wp:attachment":[{"href":"https:\/\/www.asostockerau.at\/wordpress\/index.php?rest_route=%2Fwp%2Fv2%2Fmedia&parent=74"}],"curies":[{"name":"wp","href":"https:\/\/api.w.org\/{rel}","templated":true}]}}