{"id":68,"date":"2017-02-28T09:46:03","date_gmt":"2017-02-28T09:46:03","guid":{"rendered":"https:\/\/www.asostockerau.at\/wordpress\/?page_id=68"},"modified":"2021-11-16T09:29:36","modified_gmt":"2021-11-16T08:29:36","slug":"lesezimmer","status":"publish","type":"page","link":"https:\/\/www.asostockerau.at\/wordpress\/?page_id=68","title":{"rendered":"Lesezimmer"},"content":{"rendered":"<p><span class=\"wixGuard\"><img loading=\"lazy\" decoding=\"async\" class=\"details-image alignright\" draggable=\"false\" src=\"https:\/\/www.asostockerau.at\/wordpress\/wp-content\/uploads\/2017\/02\/Lesezimmer-2-1024x768.jpg\" alt=\"\" width=\"244\" height=\"183\"><br \/>\n<\/span><\/p>\n<p class=\"font_7\"><span style=\"font-family: verdana,geneva,sans-serif;\"><span style=\"color: #000000;\">Aufgrund des enormen Einsatzes einiger Kolleginnen und mit Hilfe von Sponsoren ist es uns gelungen, ein <strong>Lesezimmer <\/strong>einzurichten.<\/span><\/span><\/p>\n<p>&nbsp;<\/p>\n<p>&nbsp;<\/p>\n<p class=\"font_7\"><span style=\"color: #000000; font-family: verdana,geneva,sans-serif;\"><span class=\"wixGuard\"><img loading=\"lazy\" decoding=\"async\" class=\"details-image alignleft\" draggable=\"false\" src=\"https:\/\/www.asostockerau.at\/wordpress\/wp-content\/uploads\/2017\/02\/Lesezimmer-1-1024x768.jpg\" alt=\"\" width=\"240\" height=\"180\"><\/span>Das Ergebnis l\u00e4sst sich sehen! Die Kinder k\u00f6nnen in einem freundlich eingerichteten Raum nach Herzenslust schm\u00f6kern! <\/span><span class=\"wixGuard\" style=\"font-family: arial,helvetica,sans-serif;\">&nbsp;&nbsp; \u200b<\/span><\/p>\n<p class=\"font_7\"><span class=\"wixGuard\" style=\"font-family: arial,helvetica,sans-serif;\">&nbsp; &nbsp; &nbsp; &nbsp; &nbsp; &nbsp; &nbsp;<\/span> <span class=\"wixGuard\">\u200b &nbsp;<\/span><\/p>\n","protected":false},"excerpt":{"rendered":"<p>Aufgrund des enormen Einsatzes einiger Kolleginnen und mit Hilfe von Sponsoren ist es uns gelungen, ein Lesezimmer einzurichten. &nbsp; &nbsp; Das Ergebnis l\u00e4sst sich sehen! Die Kinder k\u00f6nnen in einem freundlich eingerichteten Raum nach Herzenslust schm\u00f6kern! &nbsp;&nbsp; \u200b &nbsp; &nbsp; &nbsp; &nbsp; &nbsp; &nbsp; &nbsp; \u200b &nbsp;<\/p>\n","protected":false},"author":5,"featured_media":0,"parent":56,"menu_order":0,"comment_status":"closed","ping_status":"closed","template":"","meta":{"ngg_post_thumbnail":0,"footnotes":""},"class_list":["post-68","page","type-page","status-publish","hentry"],"_links":{"self":[{"href":"https:\/\/www.asostockerau.at\/wordpress\/index.php?rest_route=\/wp\/v2\/pages\/68","targetHints":{"allow":["GET"]}}],"collection":[{"href":"https:\/\/www.asostockerau.at\/wordpress\/index.php?rest_route=\/wp\/v2\/pages"}],"about":[{"href":"https:\/\/www.asostockerau.at\/wordpress\/index.php?rest_route=\/wp\/v2\/types\/page"}],"author":[{"embeddable":true,"href":"https:\/\/www.asostockerau.at\/wordpress\/index.php?rest_route=\/wp\/v2\/users\/5"}],"replies":[{"embeddable":true,"href":"https:\/\/www.asostockerau.at\/wordpress\/index.php?rest_route=%2Fwp%2Fv2%2Fcomments&post=68"}],"version-history":[{"count":16,"href":"https:\/\/www.asostockerau.at\/wordpress\/index.php?rest_route=\/wp\/v2\/pages\/68\/revisions"}],"predecessor-version":[{"id":2605,"href":"https:\/\/www.asostockerau.at\/wordpress\/index.php?rest_route=\/wp\/v2\/pages\/68\/revisions\/2605"}],"up":[{"embeddable":true,"href":"https:\/\/www.asostockerau.at\/wordpress\/index.php?rest_route=\/wp\/v2\/pages\/56"}],"wp:attachment":[{"href":"https:\/\/www.asostockerau.at\/wordpress\/index.php?rest_route=%2Fwp%2Fv2%2Fmedia&parent=68"}],"curies":[{"name":"wp","href":"https:\/\/api.w.org\/{rel}","templated":true}]}}