{"id":66,"date":"2017-02-28T09:45:46","date_gmt":"2017-02-28T09:45:46","guid":{"rendered":"https:\/\/www.asostockerau.at\/wordpress\/?page_id=66"},"modified":"2017-11-07T08:32:27","modified_gmt":"2017-11-07T07:32:27","slug":"snoezelenraum","status":"publish","type":"page","link":"https:\/\/www.asostockerau.at\/wordpress\/?page_id=66","title":{"rendered":"Snoezelenraum"},"content":{"rendered":"<p><img loading=\"lazy\" decoding=\"async\" width=\"420\" height=\"315\" class=\"wp-image-586 aligncenter\" alt=\"\" src=\"https:\/\/www.asostockerau.at\/wordpress\/wp-content\/uploads\/2017\/10\/DSCN2436.jpg\" srcset=\"https:\/\/www.asostockerau.at\/wordpress\/wp-content\/uploads\/2017\/10\/DSCN2436.jpg 2048w, https:\/\/www.asostockerau.at\/wordpress\/wp-content\/uploads\/2017\/10\/DSCN2436-768x576.jpg 768w\" sizes=\"auto, (max-width: 420px) 100vw, 420px\" \/><\/p>\n<p class=\"font_7\"><span style=\"color: #000000; font-family: verdana,geneva,sans-serif;\">Unter Snoezelen wird die Ausl\u00f6sung von Wohlbefinden in einer entsprechend gestaltenten Umgebung durch steuerbare multisensorische Reize verstanden.<\/span><\/p>\n<p class=\"font_7\"><span style=\"color: #000000; font-family: verdana,geneva,sans-serif;\">Das spezielle Ambiente in diesem Raum mit seinen besonderen Licht- und Klangeffekten sowie unterschiedlichen Lagerm\u00f6glichkeiten (z.B. Wasserbett) hat eine positiv stimmulierende Wirkung auf die Psyche.<\/span><\/p>\n<p class=\"font_7\"><span style=\"color: #000000; font-family: verdana,geneva,sans-serif;\">Der Raum l\u00f6st Emotionen aus, z.B. Wohlbehagen, innere Ruhe, Zufriedenheit, Gelassenheit oder Freude. Das ansprechende Umfeld weckt Erinnerungen, unterst\u00fctzt die Selbstreflektion und es l\u00e4sst neue Kr\u00e4fte sammeln.<\/span><\/p>\n","protected":false},"excerpt":{"rendered":"<p>Unter Snoezelen wird die Ausl\u00f6sung von Wohlbefinden in einer entsprechend gestaltenten Umgebung durch steuerbare multisensorische Reize verstanden. Das spezielle Ambiente in diesem Raum mit seinen besonderen Licht- und Klangeffekten sowie unterschiedlichen Lagerm\u00f6glichkeiten (z.B. Wasserbett) hat eine positiv stimmulierende Wirkung auf die Psyche. Der Raum l\u00f6st Emotionen aus, z.B. Wohlbehagen, innere Ruhe, Zufriedenheit, Gelassenheit oder Freude. &hellip; <a href=\"https:\/\/www.asostockerau.at\/wordpress\/?page_id=66\" class=\"more-link\"><span class=\"screen-reader-text\">Snoezelenraum<\/span> weiterlesen <span class=\"meta-nav\">&rarr;<\/span><\/a><\/p>\n","protected":false},"author":5,"featured_media":0,"parent":56,"menu_order":0,"comment_status":"closed","ping_status":"closed","template":"","meta":{"ngg_post_thumbnail":0,"footnotes":""},"class_list":["post-66","page","type-page","status-publish","hentry"],"_links":{"self":[{"href":"https:\/\/www.asostockerau.at\/wordpress\/index.php?rest_route=\/wp\/v2\/pages\/66","targetHints":{"allow":["GET"]}}],"collection":[{"href":"https:\/\/www.asostockerau.at\/wordpress\/index.php?rest_route=\/wp\/v2\/pages"}],"about":[{"href":"https:\/\/www.asostockerau.at\/wordpress\/index.php?rest_route=\/wp\/v2\/types\/page"}],"author":[{"embeddable":true,"href":"https:\/\/www.asostockerau.at\/wordpress\/index.php?rest_route=\/wp\/v2\/users\/5"}],"replies":[{"embeddable":true,"href":"https:\/\/www.asostockerau.at\/wordpress\/index.php?rest_route=%2Fwp%2Fv2%2Fcomments&post=66"}],"version-history":[{"count":7,"href":"https:\/\/www.asostockerau.at\/wordpress\/index.php?rest_route=\/wp\/v2\/pages\/66\/revisions"}],"predecessor-version":[{"id":687,"href":"https:\/\/www.asostockerau.at\/wordpress\/index.php?rest_route=\/wp\/v2\/pages\/66\/revisions\/687"}],"up":[{"embeddable":true,"href":"https:\/\/www.asostockerau.at\/wordpress\/index.php?rest_route=\/wp\/v2\/pages\/56"}],"wp:attachment":[{"href":"https:\/\/www.asostockerau.at\/wordpress\/index.php?rest_route=%2Fwp%2Fv2%2Fmedia&parent=66"}],"curies":[{"name":"wp","href":"https:\/\/api.w.org\/{rel}","templated":true}]}}