{"id":58,"date":"2017-02-28T09:39:31","date_gmt":"2017-02-28T09:39:31","guid":{"rendered":"https:\/\/www.asostockerau.at\/wordpress\/?page_id=58"},"modified":"2024-04-26T09:55:11","modified_gmt":"2024-04-26T07:55:11","slug":"ganztagesschule","status":"publish","type":"page","link":"https:\/\/www.asostockerau.at\/wordpress\/?page_id=58","title":{"rendered":"schulische Tagesbetreuung (STB)"},"content":{"rendered":"<p>&nbsp; &nbsp; &nbsp; &nbsp; &nbsp;&nbsp; <img loading=\"lazy\" decoding=\"async\" class=\"alignnone wp-image-1472\" src=\"https:\/\/www.asostockerau.at\/wordpress\/wp-content\/uploads\/2018\/12\/20181212_135031verkl.jpg\" alt=\"\" width=\"199\" height=\"253\"> &nbsp; &nbsp; &nbsp;&nbsp;&nbsp;<img loading=\"lazy\" decoding=\"async\" class=\"alignnone wp-image-1474\" src=\"https:\/\/www.asostockerau.at\/wordpress\/wp-content\/uploads\/2018\/12\/20181212_135223verkl.jpg\" alt=\"\" width=\"321\" height=\"156\"><img loading=\"lazy\" decoding=\"async\" class=\"wp-image-1473 aligncenter\" src=\"https:\/\/www.asostockerau.at\/wordpress\/wp-content\/uploads\/2018\/12\/20181212_135111verkl.jpg\" alt=\"\" width=\"391\" height=\"190\"><\/p>\n<p><span style=\"color: #2b65b5; font-family: verdana,geneva,sans-serif;\"><span style=\"color: #008000; font-size: 14pt;\">Gruppe 1<\/span><br \/>\n<\/span><\/p>\n<p class=\"font_7\"><span style=\"color: #000000; font-family: verdana,geneva,sans-serif;\">Die Gruppe 1 wird von <\/span><span style=\"font-family: verdana,geneva,sans-serif;\"><span style=\"color: #000000;\"><span style=\"font-family: verdana,geneva,sans-serif;\"><span style=\"color: #000000;\">Frau <strong>Kerstin Strobl <\/strong>und <\/span>Frau<strong> Merve Kasal <\/strong><\/span>betreut. &nbsp; &nbsp;<\/span><\/span><\/p>\n<p class=\"font_7\"><span style=\"color: #008000; font-family: verdana,geneva,sans-serif; font-size: 14pt;\"><span class=\"color_18\">Gruppe 2<\/span><\/span><\/p>\n<p class=\"font_7\"><span style=\"color: #000000; font-family: verdana,geneva,sans-serif;\">Die Gruppe 2 wird von Frau <strong><span style=\"color: #000000; font-family: verdana,geneva,sans-serif;\">Daniela <\/span>Strieg<\/strong> und Frau <strong>Manuela Bayerl<\/strong> betreut.<\/span><\/p>\n<p class=\"font_7\"><span style=\"color: #008000; font-family: verdana,geneva,sans-serif; font-size: 14pt;\"><span class=\"color_18\">Gruppe 3<\/span><\/span><\/p>\n<p class=\"font_7\"><span style=\"color: #000000; font-family: verdana,geneva,sans-serif;\">Die Gruppe 3 wird von Frau <strong>Blanka Pichler<\/strong> und Frau <strong>Bettina Amenitsch<\/strong> betreut.<\/span><\/p>\n<p class=\"font_7\"><span style=\"color: #000000; font-family: verdana,geneva,sans-serif;\"><img loading=\"lazy\" decoding=\"async\" id=\"comp-iucr9k1zimgimage\" class=\"alignright\" src=\"https:\/\/static.wixstatic.com\/media\/59b0ee_2966c5e3f73d405c8a0240e94fc207b7~mv2_d_4608_3456_s_4_2.jpg\/v1\/fill\/w_165,h_123,al_c,q_80,usm_0.66_1.00_0.01\/59b0ee_2966c5e3f73d405c8a0240e94fc207b7~mv2_d_4608_3456_s_4_2.jpg\" width=\"241\" height=\"180\" data-reactid=\".0.$SITE_ROOT.$desktop_siteRoot.$PAGES_CONTAINER.1.1.$SITE_PAGES.$x8thd.1.$comp-iucr9k1z.0.0.$image\">Mit viel Freude und gro\u00dfem Einsatz erm\u00f6glichen sie den Sch\u00fclern abwechslungsreiche Nachmittage.<\/span><\/p>\n<p class=\"font_7\"><span style=\"color: #000000; font-family: verdana,geneva,sans-serif;\">Die t\u00e4glichen Lernstunden werden von P\u00e4dagogInnen unserer Schule geleitet.<\/span><\/p>\n<p class=\"font_7\"><span style=\"color: #000000; font-family: verdana,geneva,sans-serif;\">Die Spiel-, Ess- und Lernr\u00e4ume sind in unserer Schule und in einem nahe liegenden Geb\u00e4ude in unserem Schulareal untergebracht.<\/span><\/p>\n<p>&nbsp;&nbsp; &nbsp; &nbsp; &nbsp; &nbsp; &nbsp; &nbsp; &nbsp; &nbsp;&nbsp;<\/p>\n<p>&nbsp;<\/p>\n<p class=\"font_7\">&nbsp;<\/p>\n","protected":false},"excerpt":{"rendered":"<p>&nbsp; &nbsp; &nbsp; &nbsp; &nbsp;&nbsp; &nbsp; &nbsp; &nbsp;&nbsp;&nbsp; Gruppe 1 Die Gruppe 1 wird von Frau Kerstin Strobl und Frau Merve Kasal betreut. &nbsp; &nbsp; Gruppe 2 Die Gruppe 2 wird von Frau Daniela Strieg und Frau Manuela Bayerl betreut. Gruppe 3 Die Gruppe 3 wird von Frau Blanka Pichler und Frau Bettina Amenitsch betreut. &hellip; <a href=\"https:\/\/www.asostockerau.at\/wordpress\/?page_id=58\" class=\"more-link\"><span class=\"screen-reader-text\">schulische Tagesbetreuung (STB)<\/span> weiterlesen <span class=\"meta-nav\">&rarr;<\/span><\/a><\/p>\n","protected":false},"author":5,"featured_media":0,"parent":56,"menu_order":0,"comment_status":"closed","ping_status":"closed","template":"","meta":{"ngg_post_thumbnail":0,"footnotes":""},"class_list":["post-58","page","type-page","status-publish","hentry"],"_links":{"self":[{"href":"https:\/\/www.asostockerau.at\/wordpress\/index.php?rest_route=\/wp\/v2\/pages\/58","targetHints":{"allow":["GET"]}}],"collection":[{"href":"https:\/\/www.asostockerau.at\/wordpress\/index.php?rest_route=\/wp\/v2\/pages"}],"about":[{"href":"https:\/\/www.asostockerau.at\/wordpress\/index.php?rest_route=\/wp\/v2\/types\/page"}],"author":[{"embeddable":true,"href":"https:\/\/www.asostockerau.at\/wordpress\/index.php?rest_route=\/wp\/v2\/users\/5"}],"replies":[{"embeddable":true,"href":"https:\/\/www.asostockerau.at\/wordpress\/index.php?rest_route=%2Fwp%2Fv2%2Fcomments&post=58"}],"version-history":[{"count":23,"href":"https:\/\/www.asostockerau.at\/wordpress\/index.php?rest_route=\/wp\/v2\/pages\/58\/revisions"}],"predecessor-version":[{"id":3729,"href":"https:\/\/www.asostockerau.at\/wordpress\/index.php?rest_route=\/wp\/v2\/pages\/58\/revisions\/3729"}],"up":[{"embeddable":true,"href":"https:\/\/www.asostockerau.at\/wordpress\/index.php?rest_route=\/wp\/v2\/pages\/56"}],"wp:attachment":[{"href":"https:\/\/www.asostockerau.at\/wordpress\/index.php?rest_route=%2Fwp%2Fv2%2Fmedia&parent=58"}],"curies":[{"name":"wp","href":"https:\/\/api.w.org\/{rel}","templated":true}]}}