{"id":50,"date":"2017-02-28T09:38:29","date_gmt":"2017-02-28T09:38:29","guid":{"rendered":"https:\/\/www.asostockerau.at\/wordpress\/?page_id=50"},"modified":"2026-03-15T14:28:00","modified_gmt":"2026-03-15T13:28:00","slug":"stuetzkraefteteam","status":"publish","type":"page","link":"https:\/\/www.asostockerau.at\/wordpress\/?page_id=50","title":{"rendered":"AssistentInnen-Team"},"content":{"rendered":"<table style=\"width: 145.132%; height: 1052px;\">\n<tbody>\n<tr style=\"height: 190px;\">\n<td style=\"border-width: 5px; border-color: #ffe200; width: 30.5936%; height: 190px;\"><span style=\"color: #008000; font-family: verdana,geneva,sans-serif; font-size: 14pt;\">Amenitsch Bettina<br \/>\n<\/span><img loading=\"lazy\" decoding=\"async\" class=\" wp-image-3342 aligncenter\" src=\"https:\/\/www.asostockerau.at\/wordpress\/wp-content\/uploads\/2023\/05\/Bettina.jpg\" alt=\"\" width=\"121\" height=\"182\"><\/td>\n<td style=\"border-width: 5px; border-color: #ffe200; width: 68.8356%; height: 190px;\">\n<ul style=\"list-style-type: disc;\">\n<li><span style=\"color: #000000; font-family: verdana,geneva,sans-serif; font-size: 12pt;\">Assistentin f\u00fcr Kinder mit erh\u00f6htem F\u00f6rderbedarf<br \/>\n<\/span><\/li>\n<li><span style=\"font-size: 12pt; font-family: verdana, geneva, sans-serif; color: #333333;\">Assistentin in der STB<\/span><\/li>\n<\/ul>\n<\/td>\n<\/tr>\n<tr style=\"height: 61px;\">\n<td style=\"border-width: 5px; border-color: #ffe200; width: 30.5936%; height: 41px;\"><span style=\"font-family: verdana, geneva, sans-serif; font-size: 14pt; color: #008000;\">Bayerl Manuela<\/span><\/p>\n<p><img loading=\"lazy\" decoding=\"async\" class=\"wp-image-3815 aligncenter\" src=\"https:\/\/www.asostockerau.at\/wordpress\/wp-content\/uploads\/2024\/06\/Gruppe-1-006-scaled.jpg\" alt=\"\" width=\"121\" height=\"181\" srcset=\"https:\/\/www.asostockerau.at\/wordpress\/wp-content\/uploads\/2024\/06\/Gruppe-1-006-scaled.jpg 1708w, https:\/\/www.asostockerau.at\/wordpress\/wp-content\/uploads\/2024\/06\/Gruppe-1-006-768x1151.jpg 768w, https:\/\/www.asostockerau.at\/wordpress\/wp-content\/uploads\/2024\/06\/Gruppe-1-006-1025x1536.jpg 1025w, https:\/\/www.asostockerau.at\/wordpress\/wp-content\/uploads\/2024\/06\/Gruppe-1-006-1366x2048.jpg 1366w\" sizes=\"auto, (max-width: 121px) 100vw, 121px\" \/><\/td>\n<td style=\"border-width: 5px; border-color: #ffe200; width: 68.8356%; height: 41px;\">\n<ul>\n<li><span style=\"color: #000000; font-family: verdana,geneva,sans-serif; font-size: 12pt;\">Assistentin f\u00fcr Kinder mit erh\u00f6htem F\u00f6rderbedarf<\/span><\/li>\n<li><span style=\"font-family: verdana, geneva, sans-serif; font-size: 12pt; color: #000000;\">Assistentin in der STB<\/span><\/li>\n<\/ul>\n<\/td>\n<\/tr>\n<tr>\n<td style=\"border-width: 5px; border-color: #ffe200; width: 30.5936%;\"><span style=\"font-family: verdana, geneva, sans-serif; font-size: 14pt; color: #008000;\">Bostanci Aleyna<img loading=\"lazy\" decoding=\"async\" class=\"wp-image-3340 aligncenter\" src=\"https:\/\/www.asostockerau.at\/wordpress\/wp-content\/uploads\/2023\/05\/Aleyna.jpg\" alt=\"\" width=\"129\" height=\"157\"><\/span><\/td>\n<td style=\"border-width: 5px; border-color: #ffe200; width: 68.8356%;\">\n<ul>\n<li><span style=\"font-family: verdana, geneva, sans-serif; font-size: 12pt; color: #000000;\">Assistentin f\u00fcr Kinder mit erh\u00f6htem F\u00f6rderbedarf in mehreren Klassen<\/span><\/li>\n<\/ul>\n<\/td>\n<\/tr>\n<tr style=\"height: 160px;\">\n<td style=\"border-width: 5px; border-color: #ffe200; width: 30.5936%; height: 160px;\"><span style=\"color: #008000; font-size: 14pt; font-family: verdana, geneva, sans-serif;\">Fleischmann Sonja<\/span><\/p>\n<p><img loading=\"lazy\" decoding=\"async\" class=\"wp-image-3819 aligncenter\" src=\"https:\/\/www.asostockerau.at\/wordpress\/wp-content\/uploads\/2024\/06\/Gruppe-8-048-scaled.jpg\" alt=\"\" width=\"121\" height=\"181\" srcset=\"https:\/\/www.asostockerau.at\/wordpress\/wp-content\/uploads\/2024\/06\/Gruppe-8-048-scaled.jpg 1708w, https:\/\/www.asostockerau.at\/wordpress\/wp-content\/uploads\/2024\/06\/Gruppe-8-048-768x1151.jpg 768w, https:\/\/www.asostockerau.at\/wordpress\/wp-content\/uploads\/2024\/06\/Gruppe-8-048-1025x1536.jpg 1025w, https:\/\/www.asostockerau.at\/wordpress\/wp-content\/uploads\/2024\/06\/Gruppe-8-048-1366x2048.jpg 1366w\" sizes=\"auto, (max-width: 121px) 100vw, 121px\" \/><\/td>\n<td style=\"border-width: 5px; border-color: #ffe200; width: 68.8356%; height: 160px;\">\n<ul style=\"list-style-type: disc;\">\n<li><span style=\"color: #000000; font-family: verdana,geneva,sans-serif; font-size: 12pt;\">diplomierte Behindertenp\u00e4dagogin\/ Fachbetreuerin<\/span><\/li>\n<li class=\"font_7\"><span style=\"font-family: verdana,geneva,sans-serif;\"><span style=\"color: #000000; font-size: 12pt;\"> Sie f\u00f6rdert die Kinder mit erh\u00f6htem<\/span><span style=\"color: #000000; font-size: 12pt;\"> Pflegebedarf in der basalen Wahrnehmung.<\/span><\/span><\/li>\n<\/ul>\n<\/td>\n<\/tr>\n<tr style=\"height: 64px;\">\n<td style=\"border-width: 5px; border-color: #ffe200; width: 30.5936%; height: 64px;\"><span style=\"color: #008000; font-size: 14pt; font-family: verdana, geneva, sans-serif;\"><span style=\"color: #008000; font-family: verdana,geneva,sans-serif; font-size: 14pt;\">&nbsp;Greill Barbara<br \/>\n<\/span><\/span><span style=\"font-family: verdana, geneva, sans-serif; font-size: 14pt; color: #008000;\">&nbsp;Ullram Sandra<br \/>\n<\/span><\/td>\n<td style=\"border-width: 5px; border-color: #ffe200; width: 68.8356%; height: 64px;\">\n<ul>\n<li><span style=\"color: #000000; font-family: verdana,geneva,sans-serif; font-size: 12pt;\">administrative Unterst\u00fctzung der Direktion<\/span><\/li>\n<\/ul>\n<\/td>\n<\/tr>\n<tr style=\"height: 96px;\">\n<td style=\"border-width: 5px; border-color: #ffe200; width: 30.5936%; height: 116px;\"><span style=\"color: #008000; font-size: 14pt; font-family: verdana, geneva, sans-serif;\">Erkol R\u00fcmeysa<\/span><\/td>\n<td style=\"border-width: 5px; border-color: #ffe200; width: 68.8356%; height: 116px;\">\n<ul>\n<li><span style=\"font-family: verdana, geneva, sans-serif; font-size: 12pt; color: #000000;\">Assistentin f\u00fcr Kinder mit erh\u00f6htem F\u00f6rderbedarf in mehreren Klassen<\/span><\/li>\n<\/ul>\n<\/td>\n<\/tr>\n<tr>\n<td style=\"border-width: 5px; border-color: #ffe200; width: 30.5936%;\"><span style=\"color: #008000; font-size: 14pt; font-family: verdana, geneva, sans-serif;\">Kogan Anna<\/span><\/td>\n<td style=\"border-width: 5px; border-color: #ffe200; width: 68.8356%;\">\n<ul>\n<li><span style=\"font-family: verdana, geneva, sans-serif; font-size: 12pt;\">Assistentin f\u00fcr Kinder mit erh\u00f6htem F\u00f6rderbedarf in mehreren Klassen<\/span><\/li>\n<\/ul>\n<\/td>\n<\/tr>\n<tr style=\"height: 222px;\">\n<td style=\"border-width: 5px; border-color: #ffe200; width: 30.5936%; height: 67px;\"><span style=\"color: #008000; font-family: verdana,geneva,sans-serif; font-size: 14pt;\">Lolic Almira<\/span><\/p>\n<p><img loading=\"lazy\" decoding=\"async\" class=\"wp-image-2602 aligncenter\" src=\"https:\/\/www.asostockerau.at\/wordpress\/wp-content\/uploads\/2021\/11\/Almira1.jpg\" alt=\"\" width=\"110\" height=\"146\"><\/td>\n<td style=\"border-width: 5px; border-color: #ffe200; width: 68.8356%; height: 67px;\">\n<ul style=\"list-style-type: disc;\">\n<li><span style=\"color: #000000; font-family: verdana,geneva,sans-serif; font-size: 12pt;\">Schulwartin<\/span><\/li>\n<li><span style=\"color: #000000; font-family: verdana,geneva,sans-serif; font-size: 12pt;\">&#8222;gute Seele&#8220;&nbsp;bei verschiedenen&nbsp;Anliegen von Gro\u00df und Klein<\/span><\/li>\n<\/ul>\n<\/td>\n<\/tr>\n<tr style=\"height: 198px;\">\n<td style=\"border-width: 5px; border-color: #ffe200; width: 30.5936%; height: 138px;\"><span style=\"color: #008000; font-family: verdana,geneva,sans-serif; font-size: 14pt;\">Neubauer Andrea<\/span><\/p>\n<p><img loading=\"lazy\" decoding=\"async\" class=\"wp-image-3341 aligncenter\" src=\"https:\/\/www.asostockerau.at\/wordpress\/wp-content\/uploads\/2023\/05\/Andrea.jpg\" alt=\"\" width=\"120\" height=\"180\"><\/td>\n<td style=\"border-width: 5px; border-color: #ffe200; width: 68.8356%; height: 138px;\">\n<ul style=\"list-style-type: disc;\">\n<li><span style=\"color: #000000; font-family: verdana,geneva,sans-serif; font-size: 12pt;\">Assistentin in mehreren Klassen<\/span><\/li>\n<\/ul>\n<\/td>\n<\/tr>\n<tr style=\"height: 128px;\">\n<td style=\"border-width: 5px; border-color: #ffe200; width: 30.5936%; height: 93px;\"><span style=\"color: #008000; font-size: 14pt;\"><span style=\"font-family: verdana,geneva,sans-serif;\">Rathauscher Monika<\/span><\/span><\/p>\n<p><img loading=\"lazy\" decoding=\"async\" class=\"wp-image-3343 aligncenter\" src=\"https:\/\/www.asostockerau.at\/wordpress\/wp-content\/uploads\/2023\/05\/Monika.jpg\" alt=\"\" width=\"121\" height=\"182\"><\/td>\n<td style=\"border-width: 5px; border-color: #ffe200; width: 68.8356%; height: 93px;\">\n<ul>\n<li><span style=\"color: #000000; font-family: verdana,geneva,sans-serif; font-size: 12pt;\">Assistentin in mehreren Klassen<\/span><\/li>\n<\/ul>\n<\/td>\n<\/tr>\n<\/tbody>\n<\/table>\n<p>&nbsp;<\/p>\n<p>&nbsp;<\/p>\n","protected":false},"excerpt":{"rendered":"<p>Amenitsch Bettina Assistentin f\u00fcr Kinder mit erh\u00f6htem F\u00f6rderbedarf Assistentin in der STB Bayerl Manuela Assistentin f\u00fcr Kinder mit erh\u00f6htem F\u00f6rderbedarf Assistentin in der STB Bostanci Aleyna Assistentin f\u00fcr Kinder mit erh\u00f6htem F\u00f6rderbedarf in mehreren Klassen Fleischmann Sonja diplomierte Behindertenp\u00e4dagogin\/ Fachbetreuerin Sie f\u00f6rdert die Kinder mit erh\u00f6htem Pflegebedarf in der basalen Wahrnehmung. &nbsp;Greill Barbara &nbsp;Ullram Sandra &hellip; <a href=\"https:\/\/www.asostockerau.at\/wordpress\/?page_id=50\" class=\"more-link\"><span class=\"screen-reader-text\">AssistentInnen-Team<\/span> weiterlesen <span class=\"meta-nav\">&rarr;<\/span><\/a><\/p>\n","protected":false},"author":5,"featured_media":0,"parent":46,"menu_order":0,"comment_status":"closed","ping_status":"closed","template":"","meta":{"ngg_post_thumbnail":0,"footnotes":""},"class_list":["post-50","page","type-page","status-publish","hentry"],"_links":{"self":[{"href":"https:\/\/www.asostockerau.at\/wordpress\/index.php?rest_route=\/wp\/v2\/pages\/50","targetHints":{"allow":["GET"]}}],"collection":[{"href":"https:\/\/www.asostockerau.at\/wordpress\/index.php?rest_route=\/wp\/v2\/pages"}],"about":[{"href":"https:\/\/www.asostockerau.at\/wordpress\/index.php?rest_route=\/wp\/v2\/types\/page"}],"author":[{"embeddable":true,"href":"https:\/\/www.asostockerau.at\/wordpress\/index.php?rest_route=\/wp\/v2\/users\/5"}],"replies":[{"embeddable":true,"href":"https:\/\/www.asostockerau.at\/wordpress\/index.php?rest_route=%2Fwp%2Fv2%2Fcomments&post=50"}],"version-history":[{"count":53,"href":"https:\/\/www.asostockerau.at\/wordpress\/index.php?rest_route=\/wp\/v2\/pages\/50\/revisions"}],"predecessor-version":[{"id":4467,"href":"https:\/\/www.asostockerau.at\/wordpress\/index.php?rest_route=\/wp\/v2\/pages\/50\/revisions\/4467"}],"up":[{"embeddable":true,"href":"https:\/\/www.asostockerau.at\/wordpress\/index.php?rest_route=\/wp\/v2\/pages\/46"}],"wp:attachment":[{"href":"https:\/\/www.asostockerau.at\/wordpress\/index.php?rest_route=%2Fwp%2Fv2%2Fmedia&parent=50"}],"curies":[{"name":"wp","href":"https:\/\/api.w.org\/{rel}","templated":true}]}}