{"id":48,"date":"2017-02-28T09:38:10","date_gmt":"2017-02-28T09:38:10","guid":{"rendered":"https:\/\/www.asostockerau.at\/wordpress\/?page_id=48"},"modified":"2025-09-25T14:56:53","modified_gmt":"2025-09-25T12:56:53","slug":"lehrerteam","status":"publish","type":"page","link":"https:\/\/www.asostockerau.at\/wordpress\/?page_id=48","title":{"rendered":"LehrerInnen-Team"},"content":{"rendered":"<p style=\"text-align: center;\"><img loading=\"lazy\" decoding=\"async\" class=\"alignnone size-full wp-image-4287\" src=\"https:\/\/www.asostockerau.at\/wordpress\/wp-content\/uploads\/2025\/09\/ASO-Stockerau-2025-by-www.becksteiner-fotodesign.at0001-scaled.jpg\" alt=\"\" width=\"2560\" height=\"1708\" srcset=\"https:\/\/www.asostockerau.at\/wordpress\/wp-content\/uploads\/2025\/09\/ASO-Stockerau-2025-by-www.becksteiner-fotodesign.at0001-scaled.jpg 2560w, https:\/\/www.asostockerau.at\/wordpress\/wp-content\/uploads\/2025\/09\/ASO-Stockerau-2025-by-www.becksteiner-fotodesign.at0001-768x512.jpg 768w, https:\/\/www.asostockerau.at\/wordpress\/wp-content\/uploads\/2025\/09\/ASO-Stockerau-2025-by-www.becksteiner-fotodesign.at0001-1536x1025.jpg 1536w, https:\/\/www.asostockerau.at\/wordpress\/wp-content\/uploads\/2025\/09\/ASO-Stockerau-2025-by-www.becksteiner-fotodesign.at0001-2048x1366.jpg 2048w\" sizes=\"auto, (max-width: 2560px) 100vw, 2560px\" \/>&nbsp; &nbsp; Das Kollegium der ASO Stockerau im Schuljahr 2025\/26.<\/p>\n<table style=\"border-color: #ffe200; width: 107.644%; height: 4214px;\">\n<tbody>\n<tr style=\"height: 136.96px;\">\n<td style=\"border-width: 3px; border-color: #ffe200; width: 38.7417%; height: 293px;\"><span style=\"font-family: verdana,geneva,sans-serif; font-size: 12pt;\"><span style=\"color: #008000; font-family: verdana,geneva,sans-serif; font-size: 12pt;\">Widy Gudrun, Dipl.P\u00e4d.<\/span><\/span><\/td>\n<td style=\"border-width: 3px; border-color: #ffe200; width: 67.7693%; height: 293px;\">\n<ul style=\"list-style-type: disc;\">\n<li><span style=\"color: #000000; font-family: verdana,geneva,sans-serif; font-size: 12pt;\">Direktorin der ASO Stockerau<\/span><\/li>\n<li><span style=\"color: #000000; font-family: verdana,geneva,sans-serif; font-size: 12pt;\">Sonderschullehrerin (ASO, EF, K\u00f6rperbehinderte, Sprachheilp\u00e4dagogik)<\/span><\/li>\n<li><span style=\"color: #000000; font-family: verdana,geneva,sans-serif; font-size: 12pt;\">Ausbildung f\u00fcr Autismus (Lehrgang PH N\u00d6)<\/span><\/li>\n<li><span style=\"color: #000000; font-family: verdana,geneva,sans-serif; font-size: 12pt;\">NMS-Lehramt f\u00fcr Ern\u00e4hrung und Haushalt<\/span><\/li>\n<li><span style=\"color: #000000; font-family: verdana,geneva,sans-serif; font-size: 12pt;\">Gutachterin f\u00fcr SPF-Gutachten\u200b&nbsp;<\/span><\/li>\n<\/ul>\n<\/td>\n<\/tr>\n<tr style=\"height: 200px;\">\n<td style=\"border-width: 3px; border-color: #ffe200; width: 38.7417%; height: 200px;\"><span style=\"font-family: verdana,geneva,sans-serif; font-size: 12pt;\"><span style=\"color: #008000; font-family: verdana,geneva,sans-serif; font-size: 12pt;\">Becksteiner Isabel, BEd<\/span><\/span><\/td>\n<td style=\"border-width: 3px; border-color: #ffe200; width: 67.7693%; height: 200px;\">\n<ul>\n<li><span style=\"font-family: verdana, geneva, sans-serif; font-size: 12pt;\">Volksschullehrerin<\/span><\/li>\n<li><span style=\"font-family: verdana, geneva, sans-serif; font-size: 12pt;\">Hochschullehrgang f\u00fcr Religion<\/span><\/li>\n<li><span style=\"font-family: verdana, geneva, sans-serif; font-size: 12pt;\">Hochschullehrgang f\u00fcr Autismus<\/span><\/li>\n<li><span style=\"font-family: verdana, geneva, sans-serif; font-size: 12pt;\"><span style=\"text-decoration: underline;\">In diesem Schuljahr<\/span>: Lehrerin in der 7. Klasse<\/span><\/li>\n<\/ul>\n<\/td>\n<\/tr>\n<tr style=\"height: 189px;\">\n<td style=\"border-width: 3px; border-color: #ffe200; width: 38.7417%; height: 189px;\"><span style=\"color: #00ccff; font-family: verdana,geneva,sans-serif; font-size: 12pt;\"><span style=\"color: #008000;\">Biglbauer Veronika, Dipl.P\u00e4d.<\/span><\/span><\/td>\n<td style=\"border-width: 3px; border-color: #ffe200; width: 67.7693%; height: 189px;\">\n<ul>\n<li><span style=\"color: #000000; font-family: verdana,geneva,sans-serif; font-size: 12pt;\">Sonderschullehrerin<\/span><\/li>\n<li><span style=\"color: #000000; font-family: verdana,geneva,sans-serif; font-size: 12pt;\">Schwerpunkt: Unterst\u00fctzte Kommunikation (Geb\u00e4rdensprache)<\/span><\/li>\n<li><span style=\"font-family: verdana, geneva, sans-serif; font-size: 12pt;\"><span style=\"text-decoration: underline;\">In diesem Schuljahr<\/span>: Lehrerin in der 5. Klasse<\/span><\/li>\n<\/ul>\n<\/td>\n<\/tr>\n<tr style=\"height: 96px;\">\n<td style=\"border-width: 3px; border-color: #ffe200; width: 38.7417%; height: 96px;\"><span style=\"color: #00ccff; font-family: verdana,geneva,sans-serif; font-size: 12pt;\"><span style=\"color: #008000;\">Bruckner Claudia, BEd<\/span><\/span><\/td>\n<td style=\"border-width: 3px; border-color: #ffe200; width: 67.7693%; height: 96px;\">\n<ul>\n<li><span style=\"font-family: verdana, geneva, sans-serif; font-size: 12pt;\">Sonderschullehrerin<\/span><\/li>\n<li><span style=\"color: #000000; font-family: verdana,geneva,sans-serif; font-size: 12pt;\"><span style=\"text-decoration: underline;\">In diesem Schuljahr:<\/span> Lehrerin in der 2. Klasse<\/span><\/li>\n<li><span style=\"font-family: verdana, geneva, sans-serif; font-size: 12pt;\">Yogalehrerin<\/span><\/li>\n<\/ul>\n<\/td>\n<\/tr>\n<tr style=\"height: 24px;\">\n<td style=\"border-width: 3px; border-color: #ffe200; width: 38.7417%; height: 221px;\"><span style=\"color: #00ccff; font-family: verdana,geneva,sans-serif; font-size: 12pt;\"><span style=\"color: #008000;\">Dangl Hubert, Dipl.P\u00e4d.<\/span><\/span><\/td>\n<td style=\"border-width: 3px; border-color: #ffe200; width: 67.7693%; height: 221px;\">\n<ul style=\"list-style-type: disc;\">\n<li><span style=\"color: #000000; font-family: verdana,geneva,sans-serif; font-size: 12pt;\">Sonderschullehrer (ASO, EF)<\/span><\/li>\n<li><span style=\"color: #000000; font-family: verdana,geneva,sans-serif; font-size: 12pt;\">Ausbildung f\u00fcr Gitarre am Konservatorium Wien<\/span><\/li>\n<li><span style=\"color: #000000; font-family: verdana,geneva,sans-serif; font-size: 12pt;\"><span style=\"text-decoration: underline;\">In diesem Schuljahr:<\/span> Lehrer (ME, WE, SU) in diversen Klassen<\/span><\/li>\n<\/ul>\n<\/td>\n<\/tr>\n<tr style=\"height: 24px;\">\n<td style=\"border-width: 3px; border-color: #ffe200; width: 38.7417%; height: 239px;\"><span style=\"color: #008000; font-family: verdana,geneva,sans-serif; font-size: 12pt;\">David Susanne, Dipl.P\u00e4d.<\/span><\/p>\n<p>&nbsp;<\/td>\n<td style=\"border-width: 3px; border-color: #ffe200; width: 67.7693%; height: 239px;\">\n<ul style=\"list-style-type: disc;\">\n<li><span style=\"color: #000000; font-family: verdana,geneva,sans-serif; font-size: 12pt;\">Sonderschullehrerin (ASO, EF)<\/span><\/li>\n<li><span style=\"color: #000000; font-family: verdana,geneva,sans-serif; font-size: 12pt;\">NMS-Lehramt f\u00fcr Deutsch und Geschichte<\/span><\/li>\n<li><span style=\"color: #000000; font-family: verdana,geneva,sans-serif; font-size: 12pt;\"><span style=\"text-decoration: underline;\">In diesem Schuljahr:<\/span> Lehrerin in der 1. Klasse<\/span><\/li>\n<\/ul>\n<\/td>\n<\/tr>\n<tr style=\"height: 128px;\">\n<td style=\"border-width: 3px; border-color: #ffe200; width: 38.7417%; height: 128px;\"><span style=\"color: #008000; font-family: verdana,geneva,sans-serif; font-size: 12pt;\">Eisenrigler Laura<\/span><\/td>\n<td style=\"border-width: 3px; border-color: #ffe200; width: 67.7693%; height: 128px;\">\n<ul>\n<li><span style=\"font-family: verdana, geneva, sans-serif; font-size: 12pt;\">Sonderschullehrerin<\/span><\/li>\n<li><span style=\"font-family: verdana, geneva, sans-serif; font-size: 12pt;\">Hochschullehrgang Digital kompetent in der Primarstufe<\/span><\/li>\n<li><span style=\"color: #000000; font-family: verdana,geneva,sans-serif; font-size: 12pt;\"><span style=\"text-decoration: underline;\">In diesem Schuljahr:<\/span> Team-Lehrerin in der 5. Klasse, Musikerziehung in diversen Klassen<\/span><\/li>\n<\/ul>\n<\/td>\n<\/tr>\n<tr style=\"height: 148px;\">\n<td style=\"border-width: 3px; border-color: #ffe200; width: 38.7417%; height: 148px;\"><span style=\"color: #008000; font-family: verdana,geneva,sans-serif; font-size: 12pt;\">Fort Julia, BEd<\/span><\/td>\n<td style=\"border-width: 3px; border-color: #ffe200; width: 67.7693%; height: 148px;\">\n<ul>\n<li><span style=\"font-family: verdana, geneva, sans-serif; font-size: 12pt;\">Mittelschul-Lehrerin<\/span><\/li>\n<li><span style=\"color: #000000; font-family: verdana,geneva,sans-serif; font-size: 12pt;\"><span style=\"text-decoration: underline;\">In diesem Schuljahr:<\/span> Team-Lehrerin in der 8. Klass<\/span><span style=\"color: #000000; font-family: verdana,geneva,sans-serif; font-size: 12pt;\">e<\/span><\/li>\n<\/ul>\n<\/td>\n<\/tr>\n<tr style=\"height: 152px;\">\n<td style=\"border-width: 3px; border-color: #ffe200; width: 38.7417%; height: 152px;\"><span style=\"color: #008000; font-family: verdana,geneva,sans-serif; font-size: 12pt;\">Gangl Carina, BEd<\/span><\/td>\n<td style=\"border-width: 3px; border-color: #ffe200; width: 67.7693%; height: 152px;\">\n<ul>\n<li><span style=\"font-size: 12pt; font-family: verdana, geneva, sans-serif;\">Volksschullehrerin<\/span><\/li>\n<li><span style=\"font-family: verdana, geneva, sans-serif; font-size: 12pt;\"><span style=\"text-decoration: underline;\">In diesem Schuljahr:<\/span> Teamlehrerin in der 6. Klasse<\/span><\/li>\n<\/ul>\n<\/td>\n<\/tr>\n<tr style=\"height: 204px;\">\n<td style=\"border-width: 3px; border-color: #ffe200; width: 38.7417%; height: 204px;\"><span style=\"color: #008000; font-family: verdana,geneva,sans-serif; font-size: 12pt;\">Gram Fiora, BEd MEd<\/span><\/td>\n<td style=\"border-width: 3px; border-color: #ffe200; width: 67.7693%; height: 204px;\">\n<ul>\n<li><span style=\"font-family: verdana, geneva, sans-serif; font-size: 12pt;\">Volksschullehrerin<\/span><\/li>\n<li><span style=\"font-family: verdana, geneva, sans-serif; font-size: 12pt;\">Inklusionslehrerin<\/span><\/li>\n<li><span style=\"font-size: 12pt; font-family: verdana, geneva, sans-serif;\"><span style=\"text-decoration: underline;\">In diesem Schuljahr<\/span>: Lehrerin in der 4. Klasse<br \/>\n<\/span><\/li>\n<\/ul>\n<\/td>\n<\/tr>\n<tr style=\"height: 96px;\">\n<td style=\"border-width: 3px; border-color: #ffe200; width: 38.7417%; height: 96px;\"><span style=\"color: #008000; font-family: verdana,geneva,sans-serif; font-size: 12pt;\">Krutisch Lara, BEd MEd<\/span><\/td>\n<td style=\"border-width: 3px; border-color: #ffe200; width: 67.7693%; height: 96px;\">\n<ul>\n<li><span style=\"font-size: 12pt; font-family: verdana, geneva, sans-serif;\">Sonderschullehrerin<\/span><\/li>\n<li><span style=\"font-family: verdana, geneva, sans-serif; font-size: 12pt;\"><span style=\"text-decoration: underline;\">In diesem Schuljahr:<\/span> Lehrerin in der 9. Klasse, BSP in diversen Klassen<\/span><\/li>\n<\/ul>\n<\/td>\n<\/tr>\n<tr style=\"height: 235px;\">\n<td style=\"border-width: 3px; border-color: #ffe200; width: 38.7417%; height: 235px;\"><span style=\"color: #008000; font-family: verdana,geneva,sans-serif; font-size: 12pt;\">Langthaler-Angerer Sigrid, BEd<br \/>\n<\/span><\/td>\n<td style=\"border-width: 3px; border-color: #ffe200; width: 67.7693%; height: 235px;\">\n<ul>\n<li><span style=\"color: #000000; font-family: verdana,geneva,sans-serif; font-size: 12pt;\">Sonderschullehrerin<\/span><\/li>\n<li><span style=\"font-size: 12pt; font-family: verdana, geneva, sans-serif;\">Hochschullehrgang f\u00fcr Migration, Asyl und Schule<\/span><\/li>\n<li><span style=\"color: #000000; font-family: verdana,geneva,sans-serif; font-size: 12pt;\"><span style=\"text-decoration: underline;\">In diesem Schuljahr:<\/span> Lehrerin in der 8. Klasse<\/span><\/li>\n<\/ul>\n<\/td>\n<\/tr>\n<tr style=\"height: 144px;\">\n<td style=\"border-width: 3px; border-color: #ffe200; width: 38.7417%; height: 144px;\"><span style=\"font-family: verdana, geneva, sans-serif; font-size: 12pt; color: #008000;\">Leeb Anna<\/span><\/td>\n<td style=\"border-width: 3px; border-color: #ffe200; width: 67.7693%; height: 144px;\">\n<ul>\n<li><span style=\"font-family: verdana, geneva, sans-serif; font-size: 12pt;\"><span style=\"text-decoration: underline;\">In diesem Schuljahr:<\/span> Team-Lehrerin in der 4. Klasse, EH in diversen Klassen<\/span><\/li>\n<\/ul>\n<\/td>\n<\/tr>\n<tr style=\"height: 172px;\">\n<td style=\"border-width: 3px; border-color: #ffe200; width: 38.7417%; height: 172px;\"><span style=\"color: #008000; font-family: verdana,geneva,sans-serif; font-size: 12pt;\">Lovric Nikolina<\/span><\/td>\n<td style=\"border-width: 3px; border-color: #ffe200; width: 67.7693%; height: 172px;\">\n<ul>\n<li><span style=\"font-size: 12pt; font-family: verdana, geneva, sans-serif;\">Mittelschul-Lehrerin<\/span><\/li>\n<li><span style=\"color: #000000; font-family: verdana,geneva,sans-serif; font-size: 12pt;\"><span style=\"text-decoration: underline;\">In diesem Schuljahr:<\/span> Team-Lehrerin in der 8. Klasse<\/span><\/li>\n<\/ul>\n<\/td>\n<\/tr>\n<tr style=\"height: 75px;\">\n<td style=\"border-width: 3px; border-color: #ffe200; width: 38.7417%; height: 75px;\"><span style=\"font-family: verdana, geneva, sans-serif; font-size: 12pt; color: #008000;\">Lozias Gerlinde, BEd<\/span><\/td>\n<td style=\"border-width: 3px; border-color: #ffe200; width: 67.7693%; height: 75px;\">&nbsp;<\/p>\n<ul>\n<li><span style=\"font-family: verdana, geneva, sans-serif; font-size: 12pt;\">Berufsschullehrerin<\/span><\/li>\n<li><span style=\"font-family: verdana, geneva, sans-serif; font-size: 12pt;\"><span style=\"text-decoration: underline;\">In diesem Schuljahr:<\/span> Personelle Verst\u00e4rkung in mehreren Klassen<\/span><\/li>\n<\/ul>\n<\/td>\n<\/tr>\n<tr style=\"height: 160px;\">\n<td style=\"border-width: 3px; border-color: #ffe200; width: 38.7417%; height: 160px;\"><span style=\"font-family: verdana, geneva, sans-serif; font-size: 12pt; color: #008000;\">Miedler Jennifer, BEd<\/span><\/td>\n<td style=\"border-width: 3px; border-color: #ffe200; width: 67.7693%; height: 160px;\">&nbsp;<\/p>\n<ul>\n<li><span style=\"font-family: verdana, geneva, sans-serif; font-size: 12pt;\">Volksschullehrerin<\/span><\/li>\n<li><span style=\"font-family: verdana, geneva, sans-serif; font-size: 12pt;\"><span style=\"text-decoration: underline;\">In diesem Schuljahr:<\/span> Team-Lehrerin in der 7. Klasse, EH in diversen Klassen<\/span><\/li>\n<\/ul>\n<\/td>\n<\/tr>\n<tr style=\"height: 164px;\">\n<td style=\"border-width: 3px; border-color: #ffe200; width: 38.7417%; height: 164px;\">&nbsp;<\/p>\n<p><span style=\"font-family: verdana, geneva, sans-serif; font-size: 12pt; color: #008000;\">Niedermeyer Celine, BEd<\/span><\/p>\n<p><span style=\"font-family: verdana, geneva, sans-serif; font-size: 12pt; color: #008000;\">&nbsp;<\/span><\/td>\n<td style=\"border-width: 3px; border-color: #ffe200; width: 67.7693%; height: 164px;\">\n<ul>\n<li><span style=\"font-family: verdana, geneva, sans-serif; font-size: 12pt;\">Sonderschullehrerin<\/span><\/li>\n<li><span style=\"font-family: verdana, geneva, sans-serif; font-size: 12pt;\"><span style=\"text-decoration: underline;\">In diesem Schuljahr:<\/span> Team-Lehrerin in der 7. Klasse<\/span><\/li>\n<\/ul>\n<\/td>\n<\/tr>\n<tr style=\"height: 24px;\">\n<td style=\"border-width: 3px; border-color: #ffe200; width: 38.7417%; height: 216px;\"><span style=\"color: #008000; font-family: verdana,geneva,sans-serif; font-size: 12pt;\">Pfeiffer Sandra, BEd MEd<br \/>\n<\/span><\/td>\n<td style=\"border-width: 3px; border-color: #ffe200; width: 67.7693%; height: 216px;\">\n<ul style=\"list-style-type: disc;\">\n<li><span style=\"color: #000000; font-family: verdana,geneva,sans-serif; font-size: 12pt;\">Volksschullehrerin<\/span><\/li>\n<li><span style=\"color: #000000; font-family: verdana,geneva,sans-serif; font-size: 12pt;\">Hochschullehrgang f\u00fcr Inklusionsp\u00e4dagogik<\/span><\/li>\n<li><span style=\"color: #000000; font-family: verdana,geneva,sans-serif; font-size: 12pt;\">Hochschullehrgang Autismus&nbsp;<\/span><\/li>\n<\/ul>\n<\/td>\n<\/tr>\n<tr style=\"height: 224px;\">\n<td style=\"border-width: 3px; border-color: #ffe200; width: 38.7417%; height: 224px;\">&nbsp;<\/p>\n<p><span style=\"color: #008000; font-family: verdana,geneva,sans-serif; font-size: 12pt;\">Radonjic Susanne, Dipl. P\u00e4d.<\/span><\/p>\n<p>&nbsp;<\/td>\n<td style=\"border-width: 3px; border-color: #ffe200; width: 67.7693%; height: 224px;\">\n<ul>\n<li><span style=\"font-family: verdana, geneva, sans-serif; font-size: 12pt;\">Sonderschullehrerin<\/span><\/li>\n<li><span style=\"font-family: verdana, geneva, sans-serif; font-size: 12pt;\">Zusatz Englisch in der ASO<\/span><\/li>\n<li><span style=\"font-family: verdana, geneva, sans-serif; font-size: 12pt;\">Leitung f\u00fcr Wintersportwoche, Schilanglauf, Snowboard<\/span><\/li>\n<li><span style=\"font-family: verdana, geneva, sans-serif; font-size: 12pt;\"><span style=\"text-decoration: underline;\">In diesem Schuljahr:<\/span> Lehrerin in der 6. Klasse<\/span><\/li>\n<\/ul>\n<\/td>\n<\/tr>\n<tr style=\"height: 160px;\">\n<td style=\"border-width: 3px; border-color: #ffe200; width: 38.7417%; height: 160px;\">&nbsp;<\/p>\n<p><span style=\"font-size: 12pt;\"><span style=\"color: #008000; font-family: verdana,geneva,sans-serif;\">Schulz Tamara<\/span><\/span><\/p>\n<p>&nbsp;<\/td>\n<td style=\"border-width: 3px; border-color: #ffe200; width: 67.7693%; height: 160px;\">\n<ul>\n<li><span style=\"font-family: verdana, geneva, sans-serif; font-size: 12pt;\">Religionslehrerin (r\u00f6m.kath.) in allen Klassen<\/span><\/li>\n<\/ul>\n<\/td>\n<\/tr>\n<tr style=\"height: 24px;\">\n<td style=\"border-width: 3px; border-color: #ffe200; width: 38.7417%; height: 349px;\"><span style=\"color: #008000; font-family: verdana,geneva,sans-serif; font-size: 12pt;\">Widy Claudia, Dipl.P\u00e4d.<\/span><\/p>\n<p>&nbsp;<\/td>\n<td style=\"border-width: 3px; border-color: #ffe200; width: 67.7693%; height: 349px;\">\n<ul style=\"list-style-type: disc;\">\n<li><span style=\"color: #000000; font-family: verdana,geneva,sans-serif; font-size: 12pt;\">Sonderschullehrerin (ASO, EF-Schwerpunkt unterst\u00fctzte Kommunikation und Geb\u00e4rdensprache, Sprachheilp\u00e4dagogik)<\/span><\/li>\n<li><span style=\"color: #000000; font-family: verdana,geneva,sans-serif; font-size: 12pt;\">Volksschullehrerin<\/span><\/li>\n<li><span style=\"color: #000000; font-family: verdana,geneva,sans-serif; font-size: 12pt;\">Ausbildung f\u00fcr Verhaltensauff\u00e4lligenp\u00e4dagogik<\/span><\/li>\n<li><span style=\"color: #000000; font-family: verdana,geneva,sans-serif; font-size: 12pt;\">Ausbildung f\u00fcr Soziales Lernen<\/span><\/li>\n<li><span style=\"color: #000000; font-family: verdana,geneva,sans-serif; font-size: 12pt;\">Dipl. Betreuerin f\u00fcr lese- und rechtschreibschwache Kinder<\/span><\/li>\n<li><span style=\"color: #000000; font-family: verdana,geneva,sans-serif; font-size: 12pt;\">au\u00dferordentliches Lehramt f\u00fcr Religion (r\u00f6m.kath.)\u200b<\/span><\/li>\n<li><span style=\"color: #000000; font-family: verdana,geneva,sans-serif; font-size: 12pt;\"><span style=\"text-decoration: underline;\">In diesem Schuljahr:<\/span> Lehrerin in der 3. Klasse<\/span><\/li>\n<\/ul>\n<\/td>\n<\/tr>\n<tr style=\"height: 241px;\">\n<td style=\"border-width: 3px; border-color: #ffe200; width: 38.7417%; height: 241px;\"><span style=\"color: #008000; font-family: verdana,geneva,sans-serif; font-size: 12pt;\">Zabel Clara, BEd<\/span><\/p>\n<p>&nbsp;<\/td>\n<td style=\"border-width: 3px; border-color: #ffe200; width: 67.7693%; height: 241px;\">\n<ul>\n<li><span style=\"color: #000000; font-family: verdana,geneva,sans-serif; font-size: 12pt;\">Sonderschullehrerin<\/span><\/li>\n<li><span style=\"font-family: verdana, geneva, sans-serif; font-size: 12pt;\">\u00dcbungsleiterin f\u00fcr Snowboard und Tennis<\/span><\/li>\n<li><span style=\"font-family: verdana, geneva, sans-serif; font-size: 12pt;\">Lehrgang zur F\u00f6rderung von Kindern mit sozial-emotionalem F\u00f6rderbedarf<\/span><\/li>\n<li><span style=\"font-family: verdana, geneva, sans-serif; font-size: 12pt;\">Lehrgang Sprachheilp\u00e4dagogik<\/span><\/li>\n<li><span style=\"color: #000000; font-family: verdana,geneva,sans-serif; font-size: 12pt;\"><span style=\"text-decoration: underline;\">In diesem Schuljahr:<\/span> Teamlehrerin in der 4. Klasse<\/span><\/li>\n<\/ul>\n<\/td>\n<\/tr>\n<tr style=\"height: 108px;\">\n<td style=\"border-width: 3px; border-color: #ffe200; width: 38.7417%; height: 108px;\">&nbsp;<\/p>\n<p><span style=\"color: #008000; font-family: verdana,geneva,sans-serif; font-size: 12pt;\">David Brigitta, BA BA Med<\/span><\/td>\n<td style=\"border-width: 3px; border-color: #ffe200; width: 67.7693%; height: 108px;\">\n<ul>\n<li><span style=\"color: #000000; font-family: verdana,geneva,sans-serif; font-size: 12pt;\">Beratungslehrerin<\/span><\/li>\n<\/ul>\n<\/td>\n<\/tr>\n<\/tbody>\n<\/table>\n<p>&nbsp;<\/p>\n","protected":false},"excerpt":{"rendered":"<p>&nbsp; &nbsp; Das Kollegium der ASO Stockerau im Schuljahr 2025\/26. Widy Gudrun, Dipl.P\u00e4d. Direktorin der ASO Stockerau Sonderschullehrerin (ASO, EF, K\u00f6rperbehinderte, Sprachheilp\u00e4dagogik) Ausbildung f\u00fcr Autismus (Lehrgang PH N\u00d6) NMS-Lehramt f\u00fcr Ern\u00e4hrung und Haushalt Gutachterin f\u00fcr SPF-Gutachten\u200b&nbsp; Becksteiner Isabel, BEd Volksschullehrerin Hochschullehrgang f\u00fcr Religion Hochschullehrgang f\u00fcr Autismus In diesem Schuljahr: Lehrerin in der 7. Klasse Biglbauer &hellip; <a href=\"https:\/\/www.asostockerau.at\/wordpress\/?page_id=48\" class=\"more-link\"><span class=\"screen-reader-text\">LehrerInnen-Team<\/span> weiterlesen <span class=\"meta-nav\">&rarr;<\/span><\/a><\/p>\n","protected":false},"author":5,"featured_media":0,"parent":46,"menu_order":0,"comment_status":"closed","ping_status":"closed","template":"","meta":{"ngg_post_thumbnail":0,"footnotes":""},"class_list":["post-48","page","type-page","status-publish","hentry"],"_links":{"self":[{"href":"https:\/\/www.asostockerau.at\/wordpress\/index.php?rest_route=\/wp\/v2\/pages\/48","targetHints":{"allow":["GET"]}}],"collection":[{"href":"https:\/\/www.asostockerau.at\/wordpress\/index.php?rest_route=\/wp\/v2\/pages"}],"about":[{"href":"https:\/\/www.asostockerau.at\/wordpress\/index.php?rest_route=\/wp\/v2\/types\/page"}],"author":[{"embeddable":true,"href":"https:\/\/www.asostockerau.at\/wordpress\/index.php?rest_route=\/wp\/v2\/users\/5"}],"replies":[{"embeddable":true,"href":"https:\/\/www.asostockerau.at\/wordpress\/index.php?rest_route=%2Fwp%2Fv2%2Fcomments&post=48"}],"version-history":[{"count":169,"href":"https:\/\/www.asostockerau.at\/wordpress\/index.php?rest_route=\/wp\/v2\/pages\/48\/revisions"}],"predecessor-version":[{"id":4289,"href":"https:\/\/www.asostockerau.at\/wordpress\/index.php?rest_route=\/wp\/v2\/pages\/48\/revisions\/4289"}],"up":[{"embeddable":true,"href":"https:\/\/www.asostockerau.at\/wordpress\/index.php?rest_route=\/wp\/v2\/pages\/46"}],"wp:attachment":[{"href":"https:\/\/www.asostockerau.at\/wordpress\/index.php?rest_route=%2Fwp%2Fv2%2Fmedia&parent=48"}],"curies":[{"name":"wp","href":"https:\/\/api.w.org\/{rel}","templated":true}]}}