{"id":469,"date":"2017-11-02T10:16:40","date_gmt":"2017-11-02T09:16:40","guid":{"rendered":"https:\/\/www.asostockerau.at\/wordpress\/?page_id=469"},"modified":"2023-04-27T19:44:01","modified_gmt":"2023-04-27T17:44:01","slug":"therapiehund","status":"publish","type":"page","link":"https:\/\/www.asostockerau.at\/wordpress\/?page_id=469","title":{"rendered":"Therapiehund"},"content":{"rendered":"<p><span style=\"font-family: verdana,geneva,sans-serif; color: #000000;\">Schon seit einigen Jahren bieten wir &#8222;Tiergest\u00fctzten Unterricht&#8220; in&nbsp;<\/span><span style=\"color: #000000; font-family: verdana, geneva, sans-serif;\">unserer Schule an.<\/span><\/p>\n<p>&nbsp; &nbsp; &nbsp; &nbsp; &nbsp; &nbsp; &nbsp;&nbsp; <img loading=\"lazy\" decoding=\"async\" class=\"alignnone  wp-image-3261\" src=\"https:\/\/www.asostockerau.at\/wordpress\/wp-content\/uploads\/2023\/04\/Hund3.jpg\" alt=\"\" width=\"321\" height=\"426\"> &nbsp; &nbsp; <img loading=\"lazy\" decoding=\"async\" class=\"alignnone  wp-image-3262\" src=\"https:\/\/www.asostockerau.at\/wordpress\/wp-content\/uploads\/2023\/04\/Hund2.jpg\" alt=\"\" width=\"173\" height=\"357\">&nbsp; &nbsp; &nbsp; &nbsp; &nbsp; &nbsp;&nbsp;&nbsp;&nbsp;&nbsp;&nbsp;&nbsp;&nbsp;&nbsp;&nbsp;&nbsp;&nbsp;&nbsp;&nbsp;&nbsp;&nbsp;&nbsp;&nbsp;&nbsp;&nbsp; <img loading=\"lazy\" decoding=\"async\" class=\"alignnone  wp-image-3264\" src=\"https:\/\/www.asostockerau.at\/wordpress\/wp-content\/uploads\/2023\/04\/Hund.jpg\" alt=\"\" width=\"141\" height=\"291\"><img loading=\"lazy\" decoding=\"async\" class=\"wp-image-1388 alignright\" src=\"https:\/\/www.asostockerau.at\/wordpress\/wp-content\/uploads\/2018\/12\/20181112_090805verkl.jpg\" alt=\"\" width=\"319\" height=\"272\"><\/p>\n<p style=\"text-align: left;\"><span style=\"font-family: verdana,geneva,sans-serif; color: #000000;\">Einmal in der Woche besucht unsere <\/span><span style=\"font-family: verdana,geneva,sans-serif; color: #000000;\">Therapieh\u00fcndin <span style=\"font-size: 14pt;\"><span style=\"color: #008000;\">Kira <span style=\"color: #000000; font-size: 12pt;\">mit ihren Besitzern Frau und Herrn Karall <\/span><\/span><\/span><\/span><span style=\"color: #000000; font-family: verdana,geneva,sans-serif; font-size: 12pt;\">jeweils eine andere Klasse.<\/span><\/p>\n<p><span style=\"font-family: verdana,geneva,sans-serif; color: #000000;\"><img loading=\"lazy\" decoding=\"async\" class=\"size-full wp-image-1387 aligncenter\" src=\"https:\/\/www.asostockerau.at\/wordpress\/wp-content\/uploads\/2018\/12\/20181112_085936-verkl.jpg\" alt=\"\" width=\"302\" height=\"177\"><\/span><span style=\"font-family: verdana,geneva,sans-serif;\">Die Anwesenheit des Tieres bringt eine positive Grundeinstellung in die Klasse. <\/span><\/p>\n<p><span style=\"color: #000000;\"><span style=\"font-family: verdana,geneva,sans-serif;\">Die Arbeit mit dem Tier zeigt positive Wirkungen auf das <\/span><span style=\"font-family: verdana, geneva, sans-serif;\">ph<\/span><\/span><span style=\"color: #000000;\"><span style=\"font-family: verdana, geneva, sans-serif;\">ysische, psychische und soziale Wohlbefinden der Kinder. Weiters st\u00e4rkt sie das Gemeinschaftsgef\u00fchl und ver\u00e4ndert die Sozialkontakte unter den Sch\u00fclern zum Besseren. <\/span><\/span><\/p>\n<p>&nbsp;&nbsp;&nbsp;&nbsp;&nbsp;&nbsp;&nbsp;&nbsp;&nbsp;&nbsp;&nbsp;&nbsp;&nbsp;&nbsp;&nbsp;&nbsp; &nbsp; &nbsp; &nbsp; &nbsp; &nbsp; &nbsp; &nbsp; &nbsp; &nbsp; &nbsp; &nbsp; &nbsp; &nbsp; &nbsp; &nbsp; &nbsp; &nbsp; &nbsp;&nbsp;&nbsp; <img loading=\"lazy\" decoding=\"async\" class=\"alignnone  wp-image-3263\" src=\"https:\/\/www.asostockerau.at\/wordpress\/wp-content\/uploads\/2023\/04\/Hund1.jpg\" alt=\"\" width=\"160\" height=\"330\">&nbsp;<\/p>\n<p><span style=\"font-family: verdana,geneva,sans-serif; color: #000000;\">Der Kontakt mit dem Tier:<br \/>\n<\/span><\/p>\n<ul style=\"list-style-type: disc;\">\n<li><span style=\"font-family: verdana,geneva,sans-serif; color: #000000;\">st\u00e4rkt das Selbstbewusstsein<\/span><\/li>\n<li><span style=\"font-family: verdana,geneva,sans-serif; color: #000000;\"><span style=\"font-family: verdana,geneva,sans-serif; color: #000000;\">hilft bei Angst- und Aggressionsbew\u00e4ltigung&nbsp;<\/span><\/span><\/li>\n<li><span style=\"font-family: verdana,geneva,sans-serif; color: #000000;\">verbessert die Konzentrationsf\u00e4higkeit<\/span><\/li>\n<\/ul>\n","protected":false},"excerpt":{"rendered":"<p>Schon seit einigen Jahren bieten wir &#8222;Tiergest\u00fctzten Unterricht&#8220; in&nbsp;unserer Schule an. &nbsp; &nbsp; &nbsp; &nbsp; &nbsp; &nbsp; &nbsp;&nbsp; &nbsp; &nbsp; &nbsp; &nbsp; &nbsp; &nbsp; &nbsp; &nbsp;&nbsp;&nbsp;&nbsp;&nbsp;&nbsp;&nbsp;&nbsp;&nbsp;&nbsp;&nbsp;&nbsp;&nbsp;&nbsp;&nbsp;&nbsp;&nbsp;&nbsp;&nbsp;&nbsp; Einmal in der Woche besucht unsere Therapieh\u00fcndin Kira mit ihren Besitzern Frau und Herrn Karall jeweils eine andere Klasse. Die Anwesenheit des Tieres bringt eine positive Grundeinstellung in die &hellip; <a href=\"https:\/\/www.asostockerau.at\/wordpress\/?page_id=469\" class=\"more-link\"><span class=\"screen-reader-text\">Therapiehund<\/span> weiterlesen <span class=\"meta-nav\">&rarr;<\/span><\/a><\/p>\n","protected":false},"author":5,"featured_media":0,"parent":56,"menu_order":0,"comment_status":"closed","ping_status":"closed","template":"","meta":{"ngg_post_thumbnail":0,"footnotes":""},"class_list":["post-469","page","type-page","status-publish","hentry"],"_links":{"self":[{"href":"https:\/\/www.asostockerau.at\/wordpress\/index.php?rest_route=\/wp\/v2\/pages\/469","targetHints":{"allow":["GET"]}}],"collection":[{"href":"https:\/\/www.asostockerau.at\/wordpress\/index.php?rest_route=\/wp\/v2\/pages"}],"about":[{"href":"https:\/\/www.asostockerau.at\/wordpress\/index.php?rest_route=\/wp\/v2\/types\/page"}],"author":[{"embeddable":true,"href":"https:\/\/www.asostockerau.at\/wordpress\/index.php?rest_route=\/wp\/v2\/users\/5"}],"replies":[{"embeddable":true,"href":"https:\/\/www.asostockerau.at\/wordpress\/index.php?rest_route=%2Fwp%2Fv2%2Fcomments&post=469"}],"version-history":[{"count":30,"href":"https:\/\/www.asostockerau.at\/wordpress\/index.php?rest_route=\/wp\/v2\/pages\/469\/revisions"}],"predecessor-version":[{"id":3265,"href":"https:\/\/www.asostockerau.at\/wordpress\/index.php?rest_route=\/wp\/v2\/pages\/469\/revisions\/3265"}],"up":[{"embeddable":true,"href":"https:\/\/www.asostockerau.at\/wordpress\/index.php?rest_route=\/wp\/v2\/pages\/56"}],"wp:attachment":[{"href":"https:\/\/www.asostockerau.at\/wordpress\/index.php?rest_route=%2Fwp%2Fv2%2Fmedia&parent=469"}],"curies":[{"name":"wp","href":"https:\/\/api.w.org\/{rel}","templated":true}]}}