{"id":455,"date":"2017-11-02T10:01:01","date_gmt":"2017-11-02T09:01:01","guid":{"rendered":"https:\/\/www.asostockerau.at\/wordpress\/?page_id=455"},"modified":"2021-10-08T20:21:00","modified_gmt":"2021-10-08T18:21:00","slug":"abkuerzungen","status":"publish","type":"page","link":"https:\/\/www.asostockerau.at\/wordpress\/?page_id=455","title":{"rendered":"Abk\u00fcrzungen"},"content":{"rendered":"<p class=\"font_7\"><strong><span style=\"font-family: verdana, geneva, sans-serif;\">ASO&nbsp; &nbsp;<\/span><\/strong><span style=\"font-family: verdana, geneva, sans-serif; color: #000000;\">Allgemeine Sonderschule<\/span><\/p>\n<p class=\"font_7\"><strong><span style=\"font-family: verdana, geneva, sans-serif;\">EF&nbsp; &nbsp;<\/span><\/strong><span style=\"font-family: verdana, geneva, sans-serif; color: #000000;\">Sonderschule f\u00fcr Kinder mit erh\u00f6htem F\u00f6rderbedarf<span class=\"wixGuard\">\u200b<\/span><\/span><\/p>\n<p class=\"font_7\"><strong><span style=\"font-family: verdana, geneva, sans-serif;\">SES&nbsp; &nbsp;<\/span><\/strong><span style=\"color: #000000;\"><span style=\"font-family: verdana, geneva, sans-serif;\">Sondererziehungs<\/span><span style=\"font-family: verdana, geneva, sans-serif;\">schule<\/span><\/span><\/p>\n<p class=\"font_7\"><strong><span style=\"font-family: verdana, geneva, sans-serif;\">VS&nbsp; <span style=\"color: #000000;\">&nbsp;<\/span><\/span><\/strong><span style=\"font-family: verdana, geneva, sans-serif; color: #000000;\">Volksschule<\/span><\/p>\n<p class=\"font_7\"><strong><span style=\"font-family: verdana, geneva, sans-serif;\">MS&nbsp;&nbsp; <\/span><\/strong><span style=\"font-family: verdana, geneva, sans-serif; color: #000000;\">Mittelschule<\/span><\/p>\n<p class=\"font_7\"><strong><span style=\"font-family: verdana, geneva, sans-serif;\">SPF&nbsp; <span style=\"color: #000000;\">&nbsp;<\/span><\/span><\/strong><span style=\"font-family: verdana, geneva, sans-serif; color: #000000;\">Sonderp\u00e4dagogischer F\u00f6rderbedarf<\/span><\/p>\n<p class=\"font_7\"><strong><span style=\"font-family: verdana, geneva, sans-serif;\">BEd&nbsp; &nbsp;<\/span><\/strong><span style=\"font-family: verdana, geneva, sans-serif; color: #000000;\">Bachelor of Education<\/span><\/p>\n<p><strong><span style=\"font-family: verdana,geneva,sans-serif;\">MEd<\/span> <\/strong>&nbsp;&nbsp; <span style=\"color: #000000; font-family: verdana,geneva,sans-serif;\">Master of Education<\/span><\/p>\n<p class=\"font_7\"><strong><span style=\"font-family: verdana, geneva, sans-serif;\">Dipl.P\u00e4d.&nbsp; &nbsp;<\/span><\/strong><span style=\"font-family: verdana, geneva, sans-serif; color: #000000;\">Diplomp\u00e4dagoge\/in<\/span><\/p>\n<p class=\"font_7\"><strong><span style=\"font-family: verdana, geneva, sans-serif;\">BL&nbsp;&nbsp;<\/span><\/strong><span style=\"font-family: verdana, geneva, sans-serif;\">&nbsp;<\/span><span style=\"color: #000000;\"><span style=\"font-family: verdana, geneva, sans-serif;\">Beratungslehrer\/in<\/span><span class=\"wixGuard\" style=\"font-family: verdana, geneva, sans-serif;\">\u200b<\/span><\/span><\/p>\n<p class=\"font_7\"><strong><span style=\"font-family: verdana, geneva, sans-serif;\">RL&nbsp;&nbsp;<\/span><\/strong><span style=\"font-family: verdana, geneva, sans-serif;\">&nbsp;<\/span><span style=\"font-family: verdana, geneva, sans-serif; color: #000000;\">Religionslehrer\/in<\/span><\/p>\n<p class=\"font_7\"><strong><span style=\"font-family: verdana, geneva, sans-serif;\">GTS&nbsp;&nbsp;<\/span><\/strong><span style=\"font-family: verdana, geneva, sans-serif;\">&nbsp;<\/span><span style=\"font-family: verdana, geneva, sans-serif; color: #000000;\">Ganztagesschule<\/span><\/p>\n","protected":false},"excerpt":{"rendered":"<p>ASO&nbsp; &nbsp;Allgemeine Sonderschule EF&nbsp; &nbsp;Sonderschule f\u00fcr Kinder mit erh\u00f6htem F\u00f6rderbedarf\u200b SES&nbsp; &nbsp;Sondererziehungsschule VS&nbsp; &nbsp;Volksschule MS&nbsp;&nbsp; Mittelschule SPF&nbsp; &nbsp;Sonderp\u00e4dagogischer F\u00f6rderbedarf BEd&nbsp; &nbsp;Bachelor of Education MEd &nbsp;&nbsp; Master of Education Dipl.P\u00e4d.&nbsp; &nbsp;Diplomp\u00e4dagoge\/in BL&nbsp;&nbsp;&nbsp;Beratungslehrer\/in\u200b RL&nbsp;&nbsp;&nbsp;Religionslehrer\/in GTS&nbsp;&nbsp;&nbsp;Ganztagesschule<\/p>\n","protected":false},"author":5,"featured_media":0,"parent":72,"menu_order":0,"comment_status":"closed","ping_status":"closed","template":"","meta":{"ngg_post_thumbnail":0,"footnotes":""},"class_list":["post-455","page","type-page","status-publish","hentry"],"_links":{"self":[{"href":"https:\/\/www.asostockerau.at\/wordpress\/index.php?rest_route=\/wp\/v2\/pages\/455","targetHints":{"allow":["GET"]}}],"collection":[{"href":"https:\/\/www.asostockerau.at\/wordpress\/index.php?rest_route=\/wp\/v2\/pages"}],"about":[{"href":"https:\/\/www.asostockerau.at\/wordpress\/index.php?rest_route=\/wp\/v2\/types\/page"}],"author":[{"embeddable":true,"href":"https:\/\/www.asostockerau.at\/wordpress\/index.php?rest_route=\/wp\/v2\/users\/5"}],"replies":[{"embeddable":true,"href":"https:\/\/www.asostockerau.at\/wordpress\/index.php?rest_route=%2Fwp%2Fv2%2Fcomments&post=455"}],"version-history":[{"count":7,"href":"https:\/\/www.asostockerau.at\/wordpress\/index.php?rest_route=\/wp\/v2\/pages\/455\/revisions"}],"predecessor-version":[{"id":2487,"href":"https:\/\/www.asostockerau.at\/wordpress\/index.php?rest_route=\/wp\/v2\/pages\/455\/revisions\/2487"}],"up":[{"embeddable":true,"href":"https:\/\/www.asostockerau.at\/wordpress\/index.php?rest_route=\/wp\/v2\/pages\/72"}],"wp:attachment":[{"href":"https:\/\/www.asostockerau.at\/wordpress\/index.php?rest_route=%2Fwp%2Fv2%2Fmedia&parent=455"}],"curies":[{"name":"wp","href":"https:\/\/api.w.org\/{rel}","templated":true}]}}