{"id":44,"date":"2017-02-28T09:22:09","date_gmt":"2017-02-28T09:22:09","guid":{"rendered":"https:\/\/www.asostockerau.at\/wordpress\/?page_id=44"},"modified":"2018-10-01T20:53:27","modified_gmt":"2018-10-01T18:53:27","slug":"koerper-und-sinnesbehinderte-kinder","status":"publish","type":"page","link":"https:\/\/www.asostockerau.at\/wordpress\/?page_id=44","title":{"rendered":"K\u00f6rper- und sinnesbehinderte Kinder"},"content":{"rendered":"<p class=\"font_8\"><span style=\"color: #000000; font-family: verdana,geneva,sans-serif;\">K\u00f6rper- und sinnesbehinderte Kinder werden ihren Bed\u00fcrfnissen entsprechend gef\u00f6rdert.<\/span><\/p>\n<p class=\"font_8\"><span style=\"color: #000000; font-family: verdana,geneva,sans-serif;\">Einige Kinder brauchen aufgrund ihrer Behinderung eine speziell gestaltete Lernumgebung und abgestimmtes Unterrichtsmaterial. Ein Aufzug f\u00fcr Rollstuhlfahrer und ein Hebelift, um Lagever\u00e4nderungen der Kinder schonend durchf\u00fchren zu k\u00f6nnen, geh\u00f6ren zur Ausstattung.<\/span><\/p>\n<p class=\"font_8\" style=\"text-align: left;\"><span style=\"color: #000000; font-family: verdana,geneva,sans-serif;\"><img loading=\"lazy\" decoding=\"async\" class=\"wp-image-587 alignleft\" src=\"https:\/\/www.asostockerau.at\/wordpress\/wp-content\/uploads\/2017\/10\/DSCN5738.jpg\" alt=\"\" width=\"269\" height=\"202\"> Sollte ein Kind bestimmte prothetische Hilfsmittel und Arbeitsmaterialien (z.B. Computersoftware) ben\u00f6tigen, beraten wir bei der Beschaffung und bieten auch selbst einiges an. \u00dcber die Unterst\u00fctzung von Sponsoren freuen wir uns diesbez\u00fcglich sehr.<\/span><\/p>\n<p>&nbsp;<\/p>\n","protected":false},"excerpt":{"rendered":"<p>K\u00f6rper- und sinnesbehinderte Kinder werden ihren Bed\u00fcrfnissen entsprechend gef\u00f6rdert. Einige Kinder brauchen aufgrund ihrer Behinderung eine speziell gestaltete Lernumgebung und abgestimmtes Unterrichtsmaterial. Ein Aufzug f\u00fcr Rollstuhlfahrer und ein Hebelift, um Lagever\u00e4nderungen der Kinder schonend durchf\u00fchren zu k\u00f6nnen, geh\u00f6ren zur Ausstattung. Sollte ein Kind bestimmte prothetische Hilfsmittel und Arbeitsmaterialien (z.B. Computersoftware) ben\u00f6tigen, beraten wir bei der &hellip; <a href=\"https:\/\/www.asostockerau.at\/wordpress\/?page_id=44\" class=\"more-link\"><span class=\"screen-reader-text\">K\u00f6rper- und sinnesbehinderte Kinder<\/span> weiterlesen <span class=\"meta-nav\">&rarr;<\/span><\/a><\/p>\n","protected":false},"author":5,"featured_media":0,"parent":34,"menu_order":0,"comment_status":"closed","ping_status":"closed","template":"","meta":{"ngg_post_thumbnail":0,"footnotes":""},"class_list":["post-44","page","type-page","status-publish","hentry"],"_links":{"self":[{"href":"https:\/\/www.asostockerau.at\/wordpress\/index.php?rest_route=\/wp\/v2\/pages\/44","targetHints":{"allow":["GET"]}}],"collection":[{"href":"https:\/\/www.asostockerau.at\/wordpress\/index.php?rest_route=\/wp\/v2\/pages"}],"about":[{"href":"https:\/\/www.asostockerau.at\/wordpress\/index.php?rest_route=\/wp\/v2\/types\/page"}],"author":[{"embeddable":true,"href":"https:\/\/www.asostockerau.at\/wordpress\/index.php?rest_route=\/wp\/v2\/users\/5"}],"replies":[{"embeddable":true,"href":"https:\/\/www.asostockerau.at\/wordpress\/index.php?rest_route=%2Fwp%2Fv2%2Fcomments&post=44"}],"version-history":[{"count":7,"href":"https:\/\/www.asostockerau.at\/wordpress\/index.php?rest_route=\/wp\/v2\/pages\/44\/revisions"}],"predecessor-version":[{"id":1292,"href":"https:\/\/www.asostockerau.at\/wordpress\/index.php?rest_route=\/wp\/v2\/pages\/44\/revisions\/1292"}],"up":[{"embeddable":true,"href":"https:\/\/www.asostockerau.at\/wordpress\/index.php?rest_route=\/wp\/v2\/pages\/34"}],"wp:attachment":[{"href":"https:\/\/www.asostockerau.at\/wordpress\/index.php?rest_route=%2Fwp%2Fv2%2Fmedia&parent=44"}],"curies":[{"name":"wp","href":"https:\/\/api.w.org\/{rel}","templated":true}]}}