{"id":42,"date":"2017-02-28T09:21:41","date_gmt":"2017-02-28T09:21:41","guid":{"rendered":"https:\/\/www.asostockerau.at\/wordpress\/?page_id=42"},"modified":"2017-11-08T19:55:19","modified_gmt":"2017-11-08T18:55:19","slug":"sondererziehungsschule","status":"publish","type":"page","link":"https:\/\/www.asostockerau.at\/wordpress\/?page_id=42","title":{"rendered":"Sondererziehungsschule"},"content":{"rendered":"<p><img loading=\"lazy\" decoding=\"async\" width=\"352\" height=\"198\" class=\"wp-image-599 aligncenter\" alt=\"\" src=\"https:\/\/www.asostockerau.at\/wordpress\/wp-content\/uploads\/2017\/02\/20160610_121510.jpg\"><\/p>\n<p class=\"font_8\"><span style=\"color: #000000; font-family: verdana,geneva,sans-serif;\"><img loading=\"lazy\" decoding=\"async\" width=\"268\" height=\"151\" class=\"wp-image-600 alignleft\" alt=\"\" src=\"https:\/\/www.asostockerau.at\/wordpress\/wp-content\/uploads\/2017\/02\/20160603_122205.jpg\">Verhaltensauff\u00e4llige Sch\u00fclerinnen und Sch\u00fcler werden nach dem Lehrplan der Sondererziehungsschule unterrichtet. Je nach Leistungskompetenz und Alter erhalten sie ein Stoffangebot nach dem VS-, NMS- oder ASO-Lehrplan.&nbsp;<\/span><\/p>\n<p class=\"font_8\"><span style=\"color: #000000; font-family: verdana,geneva,sans-serif;\">In der klar strukturierten Kleingruppe versuchen wir, den Kindern durch Rituale und Regeln Orientierungshilfen zu geben. Auf diese Weise k\u00f6nnen sie das soziale Miteinander in einer positiven Form erleben, wie das&nbsp;in der Gro\u00dfgruppe oft nicht m\u00f6glich ist. &nbsp;<img loading=\"lazy\" decoding=\"async\" width=\"184\" height=\"245\" class=\"wp-image-584 alignright\" alt=\"\" src=\"https:\/\/www.asostockerau.at\/wordpress\/wp-content\/uploads\/2017\/10\/Dagmar-364_edited.jpg\" srcset=\"https:\/\/www.asostockerau.at\/wordpress\/wp-content\/uploads\/2017\/10\/Dagmar-364_edited.jpg 1125w, https:\/\/www.asostockerau.at\/wordpress\/wp-content\/uploads\/2017\/10\/Dagmar-364_edited-768x1024.jpg 768w\" sizes=\"auto, (max-width: 184px) 100vw, 184px\" \/><\/span><\/p>\n<p class=\"font_8\"><span style=\"color: #000000; font-family: verdana,geneva,sans-serif;\">Soziales Lernen bildet im Unterrichtsalltag und in verschiedenen Projekten einen Schwerpunkt.<\/span><\/p>\n<p class=\"font_8\"><span style=\"color: #000000; font-family: verdana,geneva,sans-serif;\">Die Klassen werden fast immer von zwei P\u00e4dagogInnen gleichzeitig unterrichtet. In schwierigen Situationen kann das Lehrerteam dadurch besser reagieren.<\/span><\/p>\n<p class=\"font_8\"><span style=\"color: #000000; font-family: verdana,geneva,sans-serif;\">Unsere BeratungslehrerInnen begleiten das Lehrerteam und die Sch\u00fclerInnen und sind bei vielen Elterngespr\u00e4chen anwesend.<\/span><\/p>\n","protected":false},"excerpt":{"rendered":"<p>Verhaltensauff\u00e4llige Sch\u00fclerinnen und Sch\u00fcler werden nach dem Lehrplan der Sondererziehungsschule unterrichtet. Je nach Leistungskompetenz und Alter erhalten sie ein Stoffangebot nach dem VS-, NMS- oder ASO-Lehrplan.&nbsp; In der klar strukturierten Kleingruppe versuchen wir, den Kindern durch Rituale und Regeln Orientierungshilfen zu geben. Auf diese Weise k\u00f6nnen sie das soziale Miteinander in einer positiven Form erleben, &hellip; <a href=\"https:\/\/www.asostockerau.at\/wordpress\/?page_id=42\" class=\"more-link\"><span class=\"screen-reader-text\">Sondererziehungsschule<\/span> weiterlesen <span class=\"meta-nav\">&rarr;<\/span><\/a><\/p>\n","protected":false},"author":5,"featured_media":0,"parent":34,"menu_order":0,"comment_status":"closed","ping_status":"closed","template":"","meta":{"ngg_post_thumbnail":0,"footnotes":""},"class_list":["post-42","page","type-page","status-publish","hentry"],"_links":{"self":[{"href":"https:\/\/www.asostockerau.at\/wordpress\/index.php?rest_route=\/wp\/v2\/pages\/42","targetHints":{"allow":["GET"]}}],"collection":[{"href":"https:\/\/www.asostockerau.at\/wordpress\/index.php?rest_route=\/wp\/v2\/pages"}],"about":[{"href":"https:\/\/www.asostockerau.at\/wordpress\/index.php?rest_route=\/wp\/v2\/types\/page"}],"author":[{"embeddable":true,"href":"https:\/\/www.asostockerau.at\/wordpress\/index.php?rest_route=\/wp\/v2\/users\/5"}],"replies":[{"embeddable":true,"href":"https:\/\/www.asostockerau.at\/wordpress\/index.php?rest_route=%2Fwp%2Fv2%2Fcomments&post=42"}],"version-history":[{"count":7,"href":"https:\/\/www.asostockerau.at\/wordpress\/index.php?rest_route=\/wp\/v2\/pages\/42\/revisions"}],"predecessor-version":[{"id":716,"href":"https:\/\/www.asostockerau.at\/wordpress\/index.php?rest_route=\/wp\/v2\/pages\/42\/revisions\/716"}],"up":[{"embeddable":true,"href":"https:\/\/www.asostockerau.at\/wordpress\/index.php?rest_route=\/wp\/v2\/pages\/34"}],"wp:attachment":[{"href":"https:\/\/www.asostockerau.at\/wordpress\/index.php?rest_route=%2Fwp%2Fv2%2Fmedia&parent=42"}],"curies":[{"name":"wp","href":"https:\/\/api.w.org\/{rel}","templated":true}]}}