{"id":416,"date":"2017-11-01T10:08:48","date_gmt":"2017-11-01T09:08:48","guid":{"rendered":"https:\/\/www.asostockerau.at\/wordpress\/?page_id=416"},"modified":"2018-03-03T20:13:38","modified_gmt":"2018-03-03T19:13:38","slug":"paedagogisches-konzept","status":"publish","type":"page","link":"https:\/\/www.asostockerau.at\/wordpress\/?page_id=416","title":{"rendered":"P\u00e4dagogisches Konzept"},"content":{"rendered":"<p><span style=\"font-family: verdana, geneva, sans-serif; color: #000000;\">In unserer Schule werden Kinder mit unterschiedlichen Behinderungen gef\u00f6rdert und in der wichtigen Lebensphase der Kindheit und Jugend begleitet.<\/span><\/p>\n<p><span style=\"font-family: verdana, geneva, sans-serif; color: #000000;\">Neben dem Unterricht nach verschiedenen Lehrpl\u00e4nen, verfolgen wir ein p\u00e4dagogisches Konzept mit folgenden Schwerpunkten:<\/span><\/p>\n<ul>\n<li><span style=\"font-family: verdana, geneva, sans-serif; color: #000000;\">Der Unterricht erfolgt in <u>Kleingruppen<\/u>, in vielen Stunden arbeiten <u>zwei P\u00e4dagogInnen<\/u> mit den Kindern.<\/span><\/li>\n<li><span style=\"font-family: verdana, geneva, sans-serif; color: #000000;\"><u>BeratungslehrerInnen<\/u> arbeiten mit den Klassenlehrern und Eltern zusammen und unterst\u00fctzen die p\u00e4dagogische Arbeit.<\/span><\/li>\n<li><span style=\"font-family: verdana, geneva, sans-serif; color: #000000;\">Mehrere <u>BetreuerInnen<\/u> stehen f\u00fcr die Alltagsbew\u00e4ltigung f\u00fcr die Kinder mit erh\u00f6htem F\u00f6rderbedarf oder k\u00f6rperbehinderte Kinder zur Verf\u00fcgung.<\/span><\/li>\n<li><span style=\"font-family: verdana, geneva, sans-serif; color: #000000;\">Eine <u>p\u00e4dagogische Fachkraft<\/u> k\u00fcmmert sich in der Einzelf\u00f6rderung um Kinder mit sehr schweren Beeintr\u00e4chtigungen. Sie werden im lebenspraktischen Training und nach der Methode der Basalen Stimulation individuell gef\u00f6rdert.<\/span><\/li>\n<li><span style=\"font-family: verdana, geneva, sans-serif; color: #000000;\">Das <u>soziale Lernen<\/u> ist ein p\u00e4dagogischer Schwerpunkt und im Schulalltag stets pr\u00e4sent.<\/span><\/li>\n<li><span style=\"font-family: verdana, geneva, sans-serif; color: #000000;\">Sozial-emotionale Kompetenzen sind eine wesentliche Voraussetzung f\u00fcr erfolgreiches Lernen:<\/span><\/li>\n<li><span style=\"font-family: verdana, geneva, sans-serif; color: #000000;\"><em>positive Sicht auf sich selbst und Probleml\u00f6sungen<\/em><\/span><\/li>\n<li><span style=\"font-family: verdana, geneva, sans-serif; color: #000000;\"><em>Emotionen und Verhalten steuern<\/em><\/span><\/li>\n<li><span style=\"font-family: verdana, geneva, sans-serif; color: #000000;\"><em>Verantwortung \u00fcbernehmen<\/em><\/span><\/li>\n<li><span style=\"font-family: verdana, geneva, sans-serif; color: #000000;\"><em>Regeln einhalten<\/em><\/span><\/li>\n<li><span style=\"font-family: verdana, geneva, sans-serif; color: #000000;\"><em>mit Herausforderungen umgehen<\/em><\/span><\/li>\n<\/ul>\n<p>&nbsp;<\/p>\n<ul>\n<li><span style=\"font-family: verdana, geneva, sans-serif; color: #000000;\">Als <u>\u00d6kolog-Schule<\/u> erarbeiten wir mit unseren Sch\u00fclerinnen und Sch\u00fclern ein hohes Ma\u00df an Umweltbewusstsein, Gesundheitsbewusstsein und die Grunds\u00e4tze einer nachhaltigen Lebensweise.<\/span><\/li>\n<\/ul>\n<p>&nbsp;<\/p>\n<ul>\n<li><span style=\"font-family: verdana, geneva, sans-serif; color: #000000;\">Im Laufe eines Schuljahres finden regelm\u00e4\u00dfig <u>klassen\u00fcbergreifende Projekte<\/u> statt (Schulausfl\u00fcge, Gottesdienste, Feste im Jahreskreis, Teilnahme an verschiedenen Veranstaltungen,\u2026).<\/span><\/li>\n<\/ul>\n<p>&nbsp;<\/p>\n<ul>\n<li><span style=\"font-family: verdana, geneva, sans-serif; color: #000000;\">Durch vielf\u00e4ltige <u>Zusatzangebote<\/u> bereichern wir unseren Unterricht und f\u00f6rdern unsere Sch\u00fclerinnen und Sch\u00fcler dadurch im ganzheitlichen Sinn.<\/span><\/li>\n<\/ul>\n<p>&nbsp;<\/p>\n<p><span style=\"color: #008000; font-family: verdana,geneva,sans-serif; font-size: 14pt;\">Die Sonderp\u00e4dagogik in qualitativer Form, sowie der Respekt und die Wertsch\u00e4tzung im t\u00e4glichen Umgang mit den Kindern und im Team liegen uns am Herzen und wir gestalten unseren Schulalltag nach diesen Prinzipien (siehe Wertevermittlung).<\/span><\/p>\n","protected":false},"excerpt":{"rendered":"<p>In unserer Schule werden Kinder mit unterschiedlichen Behinderungen gef\u00f6rdert und in der wichtigen Lebensphase der Kindheit und Jugend begleitet. Neben dem Unterricht nach verschiedenen Lehrpl\u00e4nen, verfolgen wir ein p\u00e4dagogisches Konzept mit folgenden Schwerpunkten: Der Unterricht erfolgt in Kleingruppen, in vielen Stunden arbeiten zwei P\u00e4dagogInnen mit den Kindern. BeratungslehrerInnen arbeiten mit den Klassenlehrern und Eltern zusammen &hellip; <a href=\"https:\/\/www.asostockerau.at\/wordpress\/?page_id=416\" class=\"more-link\"><span class=\"screen-reader-text\">P\u00e4dagogisches Konzept<\/span> weiterlesen <span class=\"meta-nav\">&rarr;<\/span><\/a><\/p>\n","protected":false},"author":5,"featured_media":0,"parent":22,"menu_order":0,"comment_status":"closed","ping_status":"closed","template":"","meta":{"ngg_post_thumbnail":0,"footnotes":""},"class_list":["post-416","page","type-page","status-publish","hentry"],"_links":{"self":[{"href":"https:\/\/www.asostockerau.at\/wordpress\/index.php?rest_route=\/wp\/v2\/pages\/416","targetHints":{"allow":["GET"]}}],"collection":[{"href":"https:\/\/www.asostockerau.at\/wordpress\/index.php?rest_route=\/wp\/v2\/pages"}],"about":[{"href":"https:\/\/www.asostockerau.at\/wordpress\/index.php?rest_route=\/wp\/v2\/types\/page"}],"author":[{"embeddable":true,"href":"https:\/\/www.asostockerau.at\/wordpress\/index.php?rest_route=\/wp\/v2\/users\/5"}],"replies":[{"embeddable":true,"href":"https:\/\/www.asostockerau.at\/wordpress\/index.php?rest_route=%2Fwp%2Fv2%2Fcomments&post=416"}],"version-history":[{"count":7,"href":"https:\/\/www.asostockerau.at\/wordpress\/index.php?rest_route=\/wp\/v2\/pages\/416\/revisions"}],"predecessor-version":[{"id":1040,"href":"https:\/\/www.asostockerau.at\/wordpress\/index.php?rest_route=\/wp\/v2\/pages\/416\/revisions\/1040"}],"up":[{"embeddable":true,"href":"https:\/\/www.asostockerau.at\/wordpress\/index.php?rest_route=\/wp\/v2\/pages\/22"}],"wp:attachment":[{"href":"https:\/\/www.asostockerau.at\/wordpress\/index.php?rest_route=%2Fwp%2Fv2%2Fmedia&parent=416"}],"curies":[{"name":"wp","href":"https:\/\/api.w.org\/{rel}","templated":true}]}}