{"id":414,"date":"2017-11-01T10:08:25","date_gmt":"2017-11-01T09:08:25","guid":{"rendered":"https:\/\/www.asostockerau.at\/wordpress\/?page_id=414"},"modified":"2024-04-26T09:49:35","modified_gmt":"2024-04-26T07:49:35","slug":"schulprofil","status":"publish","type":"page","link":"https:\/\/www.asostockerau.at\/wordpress\/?page_id=414","title":{"rendered":"Schulprofil"},"content":{"rendered":"<p><span style=\"font-family: verdana, geneva, sans-serif; font-size: 14pt; color: #008000;\">Steckbrief zur Schule<\/span><\/p>\n<p><img loading=\"lazy\" decoding=\"async\" class=\"wp-image-628 aligncenter\" src=\"https:\/\/www.asostockerau.at\/wordpress\/wp-content\/uploads\/2017\/02\/DSC_6313.jpg\" alt=\"\" width=\"376\" height=\"249\" srcset=\"https:\/\/www.asostockerau.at\/wordpress\/wp-content\/uploads\/2017\/02\/DSC_6313.jpg 4288w, https:\/\/www.asostockerau.at\/wordpress\/wp-content\/uploads\/2017\/02\/DSC_6313-768x510.jpg 768w\" sizes=\"auto, (max-width: 376px) 100vw, 376px\" \/><\/p>\n<p><span style=\"font-family: verdana, geneva, sans-serif; color: #000000;\">Unsere Schule befindet sich im Zentrum von Stockerau, alle anderen Pflichtschulen sind in unmittelbarer N\u00e4he.<\/span><\/p>\n<p><span style=\"font-family: verdana, geneva, sans-serif; color: #000000;\">Die Schule gibt es seit 1954, im Jahre&nbsp;1992 wurde das Schulhaus, in dem wir uns sehr wohl f\u00fchlen, neu gebaut.<\/span><\/p>\n<p><span style=\"font-family: verdana, geneva, sans-serif; color: #000000;\">In diesem Schuljahr besuchen 50 Sch\u00fclerinnen und Sch\u00fcler unsere Schule.<\/span><\/p>\n<p><span style=\"font-family: verdana, geneva, sans-serif; color: #000000;\">Es unterrichten 19 Lehrerinnen und Lehrer in unterschiedlichen Funktionen (Klassenlehrer, Teamlehrer, Beratungslehrer,\u2026).<\/span><\/p>\n<p><span style=\"font-family: verdana, geneva, sans-serif; color: #000000;\">Frau Gudrun Widy ist seit September 2020 die Schulleiterin.<\/span><\/p>\n<p><span style=\"font-family: verdana, geneva, sans-serif; color: #000000;\">Weitere Leiter\/innen unserer Schule:<\/span><\/p>\n<p><span style=\"font-family: verdana, geneva, sans-serif;\">2018 -2020: Frau Dir. Karin Hnuta<\/span><\/p>\n<p><span style=\"font-family: verdana, geneva, sans-serif; color: #000000;\">2012 &#8211; 2018: Frau Dir. Ursula Gross&nbsp; &nbsp;&nbsp; &nbsp; &nbsp; &nbsp; &nbsp; &nbsp; &nbsp; &nbsp; &nbsp; &nbsp; &nbsp; &nbsp; &nbsp; &nbsp; &nbsp; &nbsp; &nbsp; &nbsp; &nbsp; &nbsp; &nbsp; &nbsp; &nbsp; &nbsp;&nbsp; <\/span><span style=\"font-family: verdana, geneva, sans-serif; color: #000000;\">seit Sept. 2018: Diversit\u00e4tsmanagerin<\/span><\/p>\n<p><span style=\"font-family: verdana, geneva, sans-serif; color: #000000;\">1989 &#8211; 2012: Herr Dir. Karl Wasner&nbsp;<\/span><\/p>\n<p><span style=\"font-family: verdana, geneva, sans-serif; color: #000000;\">bis 1989: Frau Dir. Gertraud Deiser&nbsp;<\/span><\/p>\n","protected":false},"excerpt":{"rendered":"<p>Steckbrief zur Schule Unsere Schule befindet sich im Zentrum von Stockerau, alle anderen Pflichtschulen sind in unmittelbarer N\u00e4he. Die Schule gibt es seit 1954, im Jahre&nbsp;1992 wurde das Schulhaus, in dem wir uns sehr wohl f\u00fchlen, neu gebaut. In diesem Schuljahr besuchen 50 Sch\u00fclerinnen und Sch\u00fcler unsere Schule. Es unterrichten 19 Lehrerinnen und Lehrer in &hellip; <a href=\"https:\/\/www.asostockerau.at\/wordpress\/?page_id=414\" class=\"more-link\"><span class=\"screen-reader-text\">Schulprofil<\/span> weiterlesen <span class=\"meta-nav\">&rarr;<\/span><\/a><\/p>\n","protected":false},"author":5,"featured_media":0,"parent":22,"menu_order":0,"comment_status":"closed","ping_status":"closed","template":"","meta":{"ngg_post_thumbnail":0,"footnotes":""},"class_list":["post-414","page","type-page","status-publish","hentry"],"_links":{"self":[{"href":"https:\/\/www.asostockerau.at\/wordpress\/index.php?rest_route=\/wp\/v2\/pages\/414","targetHints":{"allow":["GET"]}}],"collection":[{"href":"https:\/\/www.asostockerau.at\/wordpress\/index.php?rest_route=\/wp\/v2\/pages"}],"about":[{"href":"https:\/\/www.asostockerau.at\/wordpress\/index.php?rest_route=\/wp\/v2\/types\/page"}],"author":[{"embeddable":true,"href":"https:\/\/www.asostockerau.at\/wordpress\/index.php?rest_route=\/wp\/v2\/users\/5"}],"replies":[{"embeddable":true,"href":"https:\/\/www.asostockerau.at\/wordpress\/index.php?rest_route=%2Fwp%2Fv2%2Fcomments&post=414"}],"version-history":[{"count":18,"href":"https:\/\/www.asostockerau.at\/wordpress\/index.php?rest_route=\/wp\/v2\/pages\/414\/revisions"}],"predecessor-version":[{"id":3726,"href":"https:\/\/www.asostockerau.at\/wordpress\/index.php?rest_route=\/wp\/v2\/pages\/414\/revisions\/3726"}],"up":[{"embeddable":true,"href":"https:\/\/www.asostockerau.at\/wordpress\/index.php?rest_route=\/wp\/v2\/pages\/22"}],"wp:attachment":[{"href":"https:\/\/www.asostockerau.at\/wordpress\/index.php?rest_route=%2Fwp%2Fv2%2Fmedia&parent=414"}],"curies":[{"name":"wp","href":"https:\/\/api.w.org\/{rel}","templated":true}]}}