{"id":409,"date":"2017-10-31T20:14:12","date_gmt":"2017-10-31T19:14:12","guid":{"rendered":"https:\/\/www.asostockerau.at\/wordpress\/?page_id=409"},"modified":"2025-01-31T17:16:25","modified_gmt":"2025-01-31T16:16:25","slug":"zu-unserem-leitbild","status":"publish","type":"page","link":"https:\/\/www.asostockerau.at\/wordpress\/?page_id=409","title":{"rendered":"Zu unserem Leitbild"},"content":{"rendered":"<p><img loading=\"lazy\" decoding=\"async\" class=\"size-full wp-image-4136 aligncenter\" src=\"https:\/\/www.asostockerau.at\/wordpress\/wp-content\/uploads\/2025\/01\/Logo-mit-Leitbild.png\" alt=\"\" width=\"605\" height=\"466\"><\/p>\n<p><span style=\"font-family: verdana, geneva, sans-serif; font-size: 14pt; color: #008000;\">Miteinander <span style=\"color: #ff0000;\">l<\/span><u>eben<\/u><\/span><\/p>\n<p><span style=\"font-family: verdana, geneva, sans-serif; color: #000000;\">Kinder und Jugendliche mit unterschiedlichsten Behinderungen erleben in unserer Schule ein positives Miteinander und f\u00fchlen sich in unserer Gemeinschaft angenommen und wohl.<\/span><\/p>\n<p><span style=\"font-family: verdana, geneva, sans-serif; font-size: 14pt; color: #008000;\">Gemeinsam <span style=\"color: #ff0000;\">l<\/span><u>ernen<\/u><\/span><\/p>\n<p><span style=\"font-family: verdana, geneva, sans-serif; color: #000000;\">Die individuellen Voraussetzungen unserer Sch\u00fcler und Sch\u00fclerinnen ber\u00fccksichtigend, schaffen wir eine optimale Lernumgebung und f\u00f6rdern die Kinder bestm\u00f6glich.<\/span><\/p>\n<p><span style=\"font-family: verdana, geneva, sans-serif; font-size: 14pt; color: #008000;\">Nach au\u00dfen ver<span style=\"color: #ff0000;\">l<\/span><u>inken<\/u><\/span><\/p>\n<p><span style=\"font-family: verdana, geneva, sans-serif; color: #000000;\">Im Sinne der Inklusion ist uns die Zusammenarbeit mit anderen Schulen und Institutionen ein gro\u00dfes Anliegen. Mit Projekten und Aktivit\u00e4ten in Stockerau und Umgebung stellen wir den Mitb\u00fcrgerInnen unsere Schule vor.<\/span><\/p>\n<p><span style=\"font-family: verdana, geneva, sans-serif; font-size: 14pt; color: #008000;\">In die Zukunft <span style=\"color: #ff0000;\">l<\/span><u>eiten<\/u><\/span><\/p>\n<p><span style=\"font-family: verdana, geneva, sans-serif; color: #000000;\">Unsere Sch\u00fcler und Sch\u00fclerinnen sollen nach dem Schulbesuch an unserer Schule gut f\u00fcr zuk\u00fcnftige Aufgaben ger\u00fcstet sein. Die entsprechende Vorbereitung auf den Wechsel in eine andere Schule, den Einstieg in das Berufsleben oder den \u00dcbertritt in eine gesch\u00fctzte Werkstatt ist uns sehr wichtig.<\/span><\/p>\n<p><span style=\"font-family: verdana, geneva, sans-serif; font-size: 14pt; color: #008000;\">Zusammen <span style=\"color: #ff0000;\">l<\/span><u>achen<\/u><\/span><\/p>\n<p><span style=\"font-family: verdana, geneva, sans-serif; color: #000000;\">Mit Humor geht vieles leichter! Diesem Motto entsprechend sorgen wir trotz mancher schwierigen Herausforderung daf\u00fcr, dass Heiterkeit und Lebensfreude in unserem Schulalltag einen hohen Stellenwert haben.<\/span><\/p>\n","protected":false},"excerpt":{"rendered":"<p>Miteinander leben Kinder und Jugendliche mit unterschiedlichsten Behinderungen erleben in unserer Schule ein positives Miteinander und f\u00fchlen sich in unserer Gemeinschaft angenommen und wohl. Gemeinsam lernen Die individuellen Voraussetzungen unserer Sch\u00fcler und Sch\u00fclerinnen ber\u00fccksichtigend, schaffen wir eine optimale Lernumgebung und f\u00f6rdern die Kinder bestm\u00f6glich. Nach au\u00dfen verlinken Im Sinne der Inklusion ist uns die Zusammenarbeit &hellip; <a href=\"https:\/\/www.asostockerau.at\/wordpress\/?page_id=409\" class=\"more-link\"><span class=\"screen-reader-text\">Zu unserem Leitbild<\/span> weiterlesen <span class=\"meta-nav\">&rarr;<\/span><\/a><\/p>\n","protected":false},"author":5,"featured_media":0,"parent":22,"menu_order":0,"comment_status":"closed","ping_status":"closed","template":"","meta":{"ngg_post_thumbnail":0,"footnotes":""},"class_list":["post-409","page","type-page","status-publish","hentry"],"_links":{"self":[{"href":"https:\/\/www.asostockerau.at\/wordpress\/index.php?rest_route=\/wp\/v2\/pages\/409","targetHints":{"allow":["GET"]}}],"collection":[{"href":"https:\/\/www.asostockerau.at\/wordpress\/index.php?rest_route=\/wp\/v2\/pages"}],"about":[{"href":"https:\/\/www.asostockerau.at\/wordpress\/index.php?rest_route=\/wp\/v2\/types\/page"}],"author":[{"embeddable":true,"href":"https:\/\/www.asostockerau.at\/wordpress\/index.php?rest_route=\/wp\/v2\/users\/5"}],"replies":[{"embeddable":true,"href":"https:\/\/www.asostockerau.at\/wordpress\/index.php?rest_route=%2Fwp%2Fv2%2Fcomments&post=409"}],"version-history":[{"count":12,"href":"https:\/\/www.asostockerau.at\/wordpress\/index.php?rest_route=\/wp\/v2\/pages\/409\/revisions"}],"predecessor-version":[{"id":4137,"href":"https:\/\/www.asostockerau.at\/wordpress\/index.php?rest_route=\/wp\/v2\/pages\/409\/revisions\/4137"}],"up":[{"embeddable":true,"href":"https:\/\/www.asostockerau.at\/wordpress\/index.php?rest_route=\/wp\/v2\/pages\/22"}],"wp:attachment":[{"href":"https:\/\/www.asostockerau.at\/wordpress\/index.php?rest_route=%2Fwp%2Fv2%2Fmedia&parent=409"}],"curies":[{"name":"wp","href":"https:\/\/api.w.org\/{rel}","templated":true}]}}