{"id":40,"date":"2017-02-28T09:21:25","date_gmt":"2017-02-28T09:21:25","guid":{"rendered":"https:\/\/www.asostockerau.at\/wordpress\/?page_id=40"},"modified":"2017-11-08T20:34:15","modified_gmt":"2017-11-08T19:34:15","slug":"allgemeine-sonderschule","status":"publish","type":"page","link":"https:\/\/www.asostockerau.at\/wordpress\/?page_id=40","title":{"rendered":"Allgemeine Sonderschule"},"content":{"rendered":"<p><img loading=\"lazy\" decoding=\"async\" width=\"191\" height=\"254\" class=\"wp-image-636 alignleft\" alt=\"\" src=\"https:\/\/www.asostockerau.at\/wordpress\/wp-content\/uploads\/2017\/02\/DSC_0067-e1510165657559.jpg\"><\/p>\n<p>&nbsp;<\/p>\n<p class=\"font_8\"><span style=\"color: #000000; font-family: arial,helvetica,sans-serif; font-size: 12pt;\">In <span style=\"font-family: verdana,geneva,sans-serif;\">der Allgemeinen Sonderschule erhalten die Sch\u00fcler und Sch\u00fclerinnen ein, im Vergleich zur Volksschule und zur Neuen Mittelschule,&nbsp;reduziertes Stoffangebot (Lehrplan der Allgemeinen Sonderschule).<\/span><\/span><\/p>\n<p>&nbsp;<\/p>\n<p>&nbsp;<\/p>\n<p><img loading=\"lazy\" decoding=\"async\" width=\"265\" height=\"199\" class=\"wp-image-732 alignright\" alt=\"\" src=\"https:\/\/www.asostockerau.at\/wordpress\/wp-content\/uploads\/2017\/02\/DSC_0072.jpg\"><\/p>\n<p class=\"font_8\"><span style=\"color: #000000; font-family: verdana,geneva,sans-serif; font-size: 12pt;\">Die Inhalte werden in kleinen Schritten vermittelt und Anschauungsmaterial in vielf\u00e4ltiger Form angeboten. So k\u00f6nnen lernbehinderte Kinder Fortschritte machen und sich \u00fcber Lernerfolge freuen.<\/span><\/p>\n<p>&nbsp;<\/p>\n<p class=\"font_8\"><span class=\"wixGuard\">\u200b<\/span><\/p>\n","protected":false},"excerpt":{"rendered":"<p>&nbsp; In der Allgemeinen Sonderschule erhalten die Sch\u00fcler und Sch\u00fclerinnen ein, im Vergleich zur Volksschule und zur Neuen Mittelschule,&nbsp;reduziertes Stoffangebot (Lehrplan der Allgemeinen Sonderschule). &nbsp; &nbsp; Die Inhalte werden in kleinen Schritten vermittelt und Anschauungsmaterial in vielf\u00e4ltiger Form angeboten. So k\u00f6nnen lernbehinderte Kinder Fortschritte machen und sich \u00fcber Lernerfolge freuen. &nbsp; \u200b<\/p>\n","protected":false},"author":5,"featured_media":0,"parent":34,"menu_order":0,"comment_status":"closed","ping_status":"closed","template":"","meta":{"ngg_post_thumbnail":0,"footnotes":""},"class_list":["post-40","page","type-page","status-publish","hentry"],"_links":{"self":[{"href":"https:\/\/www.asostockerau.at\/wordpress\/index.php?rest_route=\/wp\/v2\/pages\/40","targetHints":{"allow":["GET"]}}],"collection":[{"href":"https:\/\/www.asostockerau.at\/wordpress\/index.php?rest_route=\/wp\/v2\/pages"}],"about":[{"href":"https:\/\/www.asostockerau.at\/wordpress\/index.php?rest_route=\/wp\/v2\/types\/page"}],"author":[{"embeddable":true,"href":"https:\/\/www.asostockerau.at\/wordpress\/index.php?rest_route=\/wp\/v2\/users\/5"}],"replies":[{"embeddable":true,"href":"https:\/\/www.asostockerau.at\/wordpress\/index.php?rest_route=%2Fwp%2Fv2%2Fcomments&post=40"}],"version-history":[{"count":12,"href":"https:\/\/www.asostockerau.at\/wordpress\/index.php?rest_route=\/wp\/v2\/pages\/40\/revisions"}],"predecessor-version":[{"id":734,"href":"https:\/\/www.asostockerau.at\/wordpress\/index.php?rest_route=\/wp\/v2\/pages\/40\/revisions\/734"}],"up":[{"embeddable":true,"href":"https:\/\/www.asostockerau.at\/wordpress\/index.php?rest_route=\/wp\/v2\/pages\/34"}],"wp:attachment":[{"href":"https:\/\/www.asostockerau.at\/wordpress\/index.php?rest_route=%2Fwp%2Fv2%2Fmedia&parent=40"}],"curies":[{"name":"wp","href":"https:\/\/api.w.org\/{rel}","templated":true}]}}