{"id":38,"date":"2017-02-28T09:21:00","date_gmt":"2017-02-28T09:21:00","guid":{"rendered":"https:\/\/www.asostockerau.at\/wordpress\/?page_id=38"},"modified":"2021-11-16T09:31:16","modified_gmt":"2021-11-16T08:31:16","slug":"kinder-mit-erhoehtem-foerderbedarf","status":"publish","type":"page","link":"https:\/\/www.asostockerau.at\/wordpress\/?page_id=38","title":{"rendered":"Kinder mit erh\u00f6htem F\u00f6rderbedarf"},"content":{"rendered":"<p class=\"font_7\"><img loading=\"lazy\" decoding=\"async\" class=\"wp-image-630 alignleft\" src=\"https:\/\/www.asostockerau.at\/wordpress\/wp-content\/uploads\/2017\/02\/DSCN3758.jpg\" alt=\"\" width=\"233\" height=\"175\" srcset=\"https:\/\/www.asostockerau.at\/wordpress\/wp-content\/uploads\/2017\/02\/DSCN3758.jpg 4608w, https:\/\/www.asostockerau.at\/wordpress\/wp-content\/uploads\/2017\/02\/DSCN3758-768x576.jpg 768w\" sizes=\"auto, (max-width: 233px) 100vw, 233px\" \/><\/p>\n<p class=\"font_7\"><span style=\"color: #000000; font-family: verdana,geneva,sans-serif; font-size: 12pt;\"><span class=\"color_15\">Kinder mit erh\u00f6htem F\u00f6rderbedarf werden je nach Leistungsverm\u00f6gen sehr individuell gef\u00f6rdert.<\/span><br \/>\n<\/span><\/p>\n<p>&nbsp;<\/p>\n<p>&nbsp;<\/p>\n<p class=\"font_7\"><span class=\"color_15\" style=\"color: #000000; font-family: verdana,geneva,sans-serif; font-size: 12pt;\">Die Bandbreite des Unterrichts reicht von basaler F\u00f6rderung <span class=\"color_15\"><br \/>\n<\/span>(K\u00f6rperwahrnehmung durch Massieren und Schaukeln, visuelle und akustische Reize anbieten, Esstraining) \u00fcber lebenspraktisches Training&nbsp;<span class=\"color_15\"><br \/>\n<\/span>(Einkaufen gehen, gesunde Jause zubereiten, ein warmes Essen kochen, Werkunterricht mit behindertenspezifischen Angeboten) bis zur Vermittlung grundlegender Kulturtechniken (individueller Lese-, Schreib- und Rechenunterricht).<\/span><\/p>\n<p class=\"font_7\"><span class=\"color_15\" style=\"color: #000000; font-family: verdana,geneva,sans-serif; font-size: 12pt;\"><img loading=\"lazy\" decoding=\"async\" class=\"wp-image-714 alignleft\" src=\"https:\/\/www.asostockerau.at\/wordpress\/wp-content\/uploads\/2017\/02\/101.jpg\" alt=\"\" width=\"270\" height=\"203\"><\/span><\/p>\n<p>&nbsp;<\/p>\n<p class=\"font_7\"><span class=\"color_15\" style=\"color: #000000; font-family: verdana,geneva,sans-serif; font-size: 12pt;\">Unsere flei\u00dfigen Assistentinnen helfen im Unterricht. Sie sorgen sich liebevoll um die Kinder mit erh\u00f6htem F\u00f6rderbedarf und&nbsp;unterst\u00fctzen beim Bew\u00e4ltigen diverser Alltagssituationen.<\/span><\/p>\n","protected":false},"excerpt":{"rendered":"<p>Kinder mit erh\u00f6htem F\u00f6rderbedarf werden je nach Leistungsverm\u00f6gen sehr individuell gef\u00f6rdert. &nbsp; &nbsp; Die Bandbreite des Unterrichts reicht von basaler F\u00f6rderung (K\u00f6rperwahrnehmung durch Massieren und Schaukeln, visuelle und akustische Reize anbieten, Esstraining) \u00fcber lebenspraktisches Training&nbsp; (Einkaufen gehen, gesunde Jause zubereiten, ein warmes Essen kochen, Werkunterricht mit behindertenspezifischen Angeboten) bis zur Vermittlung grundlegender Kulturtechniken (individueller Lese-, &hellip; <a href=\"https:\/\/www.asostockerau.at\/wordpress\/?page_id=38\" class=\"more-link\"><span class=\"screen-reader-text\">Kinder mit erh\u00f6htem F\u00f6rderbedarf<\/span> weiterlesen <span class=\"meta-nav\">&rarr;<\/span><\/a><\/p>\n","protected":false},"author":5,"featured_media":0,"parent":34,"menu_order":0,"comment_status":"closed","ping_status":"closed","template":"","meta":{"ngg_post_thumbnail":0,"footnotes":""},"class_list":["post-38","page","type-page","status-publish","hentry"],"_links":{"self":[{"href":"https:\/\/www.asostockerau.at\/wordpress\/index.php?rest_route=\/wp\/v2\/pages\/38","targetHints":{"allow":["GET"]}}],"collection":[{"href":"https:\/\/www.asostockerau.at\/wordpress\/index.php?rest_route=\/wp\/v2\/pages"}],"about":[{"href":"https:\/\/www.asostockerau.at\/wordpress\/index.php?rest_route=\/wp\/v2\/types\/page"}],"author":[{"embeddable":true,"href":"https:\/\/www.asostockerau.at\/wordpress\/index.php?rest_route=\/wp\/v2\/users\/5"}],"replies":[{"embeddable":true,"href":"https:\/\/www.asostockerau.at\/wordpress\/index.php?rest_route=%2Fwp%2Fv2%2Fcomments&post=38"}],"version-history":[{"count":10,"href":"https:\/\/www.asostockerau.at\/wordpress\/index.php?rest_route=\/wp\/v2\/pages\/38\/revisions"}],"predecessor-version":[{"id":2606,"href":"https:\/\/www.asostockerau.at\/wordpress\/index.php?rest_route=\/wp\/v2\/pages\/38\/revisions\/2606"}],"up":[{"embeddable":true,"href":"https:\/\/www.asostockerau.at\/wordpress\/index.php?rest_route=\/wp\/v2\/pages\/34"}],"wp:attachment":[{"href":"https:\/\/www.asostockerau.at\/wordpress\/index.php?rest_route=%2Fwp%2Fv2%2Fmedia&parent=38"}],"curies":[{"name":"wp","href":"https:\/\/api.w.org\/{rel}","templated":true}]}}