{"id":36,"date":"2017-02-28T09:20:08","date_gmt":"2017-02-28T09:20:08","guid":{"rendered":"https:\/\/www.asostockerau.at\/wordpress\/?page_id=36"},"modified":"2017-11-10T11:54:54","modified_gmt":"2017-11-10T10:54:54","slug":"unterrichtskonzept","status":"publish","type":"page","link":"https:\/\/www.asostockerau.at\/wordpress\/?page_id=36","title":{"rendered":"Unterrichtskonzept"},"content":{"rendered":"<p class=\"font_7\"><span class=\"backcolor_26\"><span class=\"wixGuard\"><img loading=\"lazy\" decoding=\"async\" width=\"286\" height=\"215\" class=\"wp-image-597 aligncenter\" alt=\"\" src=\"https:\/\/www.asostockerau.at\/wordpress\/wp-content\/uploads\/2017\/02\/IMG_2951.jpg\" srcset=\"https:\/\/www.asostockerau.at\/wordpress\/wp-content\/uploads\/2017\/02\/IMG_2951.jpg 4608w, https:\/\/www.asostockerau.at\/wordpress\/wp-content\/uploads\/2017\/02\/IMG_2951-768x576.jpg 768w\" sizes=\"auto, (max-width: 286px) 100vw, 286px\" \/>\u200b<\/span><\/span><\/p>\n<p class=\"font_7\"><span class=\"backcolor_26\" style=\"color: #000000; font-family: verdana,geneva,sans-serif; font-size: 12pt;\">Unser Unterricht findet in <span class=\"color_19\"><strong>Klassen mit geringer Sch\u00fclerzahl<\/strong> <\/span>statt. Nach M\u00f6glichkeit werden Kleinstgruppen zur optimalen F\u00f6rderung gebildet.&nbsp;<\/span><\/p>\n<p class=\"font_7\"><span class=\"backcolor_26\" style=\"color: #000000; font-family: verdana,geneva,sans-serif; font-size: 12pt;\">Feste werden gemeinsam im Schulverband gefeiert, nat\u00fcrlich gibt es auch klassen- und schul\u00fcbergreifende Projekte (mit den Nachbarschulen &#8211; VS und NMS).<\/span><\/p>\n<p class=\"font_7\"><span class=\"backcolor_26\" style=\"color: #000000; font-family: verdana,geneva,sans-serif; font-size: 12pt;\">In unserer Schule werden Kinder mit besonderen Bed\u00fcrfnissen unterschiedlichster Art gef\u00f6rdert.<\/span><\/p>\n<p class=\"font_7\"><span class=\"backcolor_26\"><span class=\"wixGuard\">\u200b<\/span><\/span><\/p>\n","protected":false},"excerpt":{"rendered":"<p>\u200b Unser Unterricht findet in Klassen mit geringer Sch\u00fclerzahl statt. Nach M\u00f6glichkeit werden Kleinstgruppen zur optimalen F\u00f6rderung gebildet.&nbsp; Feste werden gemeinsam im Schulverband gefeiert, nat\u00fcrlich gibt es auch klassen- und schul\u00fcbergreifende Projekte (mit den Nachbarschulen &#8211; VS und NMS). In unserer Schule werden Kinder mit besonderen Bed\u00fcrfnissen unterschiedlichster Art gef\u00f6rdert. \u200b<\/p>\n","protected":false},"author":5,"featured_media":0,"parent":34,"menu_order":0,"comment_status":"closed","ping_status":"closed","template":"","meta":{"ngg_post_thumbnail":0,"footnotes":""},"class_list":["post-36","page","type-page","status-publish","hentry"],"_links":{"self":[{"href":"https:\/\/www.asostockerau.at\/wordpress\/index.php?rest_route=\/wp\/v2\/pages\/36","targetHints":{"allow":["GET"]}}],"collection":[{"href":"https:\/\/www.asostockerau.at\/wordpress\/index.php?rest_route=\/wp\/v2\/pages"}],"about":[{"href":"https:\/\/www.asostockerau.at\/wordpress\/index.php?rest_route=\/wp\/v2\/types\/page"}],"author":[{"embeddable":true,"href":"https:\/\/www.asostockerau.at\/wordpress\/index.php?rest_route=\/wp\/v2\/users\/5"}],"replies":[{"embeddable":true,"href":"https:\/\/www.asostockerau.at\/wordpress\/index.php?rest_route=%2Fwp%2Fv2%2Fcomments&post=36"}],"version-history":[{"count":10,"href":"https:\/\/www.asostockerau.at\/wordpress\/index.php?rest_route=\/wp\/v2\/pages\/36\/revisions"}],"predecessor-version":[{"id":736,"href":"https:\/\/www.asostockerau.at\/wordpress\/index.php?rest_route=\/wp\/v2\/pages\/36\/revisions\/736"}],"up":[{"embeddable":true,"href":"https:\/\/www.asostockerau.at\/wordpress\/index.php?rest_route=\/wp\/v2\/pages\/34"}],"wp:attachment":[{"href":"https:\/\/www.asostockerau.at\/wordpress\/index.php?rest_route=%2Fwp%2Fv2%2Fmedia&parent=36"}],"curies":[{"name":"wp","href":"https:\/\/api.w.org\/{rel}","templated":true}]}}