{"id":3461,"date":"2023-10-24T11:42:30","date_gmt":"2023-10-24T09:42:30","guid":{"rendered":"https:\/\/www.asostockerau.at\/wordpress\/?page_id=3461"},"modified":"2023-10-24T11:42:30","modified_gmt":"2023-10-24T09:42:30","slug":"technisches-werken-in-der-8-klasse","status":"publish","type":"page","link":"https:\/\/www.asostockerau.at\/wordpress\/?page_id=3461","title":{"rendered":"Technisches Werken in der 8. Klasse"},"content":{"rendered":"<p>Im Technischen Werkunterricht der 8. Klasse wurde heuer schon viel gemeinsam erreicht.<\/p>\n<p>Wir gestalteten einen Fledermausnistkasten, wo uns \u201eNatur im Garten\u201c dankenderweise das Holz daf\u00fcr zur Verf\u00fcgung gestellt hat, bauten ein Vogelhaus mit Aludach, arbeiteten mit Ton und Speckstein.<\/p>\n<p>Der Kreativit\u00e4t wird Raum gegeben, denn nur dann ist eine freiwillige Vertiefung in die Materie m\u00f6glich.<\/p>\nngg_shortcode_0_placeholder\n","protected":false},"excerpt":{"rendered":"<p>Im Technischen Werkunterricht der 8. Klasse wurde heuer schon viel gemeinsam erreicht. Wir gestalteten einen Fledermausnistkasten, wo uns \u201eNatur im Garten\u201c dankenderweise das Holz daf\u00fcr zur Verf\u00fcgung gestellt hat, bauten ein Vogelhaus mit Aludach, arbeiteten mit Ton und Speckstein. Der Kreativit\u00e4t wird Raum gegeben, denn nur dann ist eine freiwillige Vertiefung in die Materie m\u00f6glich.<\/p>\n","protected":false},"author":5,"featured_media":0,"parent":0,"menu_order":0,"comment_status":"closed","ping_status":"closed","template":"","meta":{"ngg_post_thumbnail":0,"footnotes":""},"class_list":["post-3461","page","type-page","status-publish","hentry"],"_links":{"self":[{"href":"https:\/\/www.asostockerau.at\/wordpress\/index.php?rest_route=\/wp\/v2\/pages\/3461","targetHints":{"allow":["GET"]}}],"collection":[{"href":"https:\/\/www.asostockerau.at\/wordpress\/index.php?rest_route=\/wp\/v2\/pages"}],"about":[{"href":"https:\/\/www.asostockerau.at\/wordpress\/index.php?rest_route=\/wp\/v2\/types\/page"}],"author":[{"embeddable":true,"href":"https:\/\/www.asostockerau.at\/wordpress\/index.php?rest_route=\/wp\/v2\/users\/5"}],"replies":[{"embeddable":true,"href":"https:\/\/www.asostockerau.at\/wordpress\/index.php?rest_route=%2Fwp%2Fv2%2Fcomments&post=3461"}],"version-history":[{"count":3,"href":"https:\/\/www.asostockerau.at\/wordpress\/index.php?rest_route=\/wp\/v2\/pages\/3461\/revisions"}],"predecessor-version":[{"id":3481,"href":"https:\/\/www.asostockerau.at\/wordpress\/index.php?rest_route=\/wp\/v2\/pages\/3461\/revisions\/3481"}],"wp:attachment":[{"href":"https:\/\/www.asostockerau.at\/wordpress\/index.php?rest_route=%2Fwp%2Fv2%2Fmedia&parent=3461"}],"curies":[{"name":"wp","href":"https:\/\/api.w.org\/{rel}","templated":true}]}}