{"id":3418,"date":"2023-09-17T11:40:05","date_gmt":"2023-09-17T09:40:05","guid":{"rendered":"https:\/\/www.asostockerau.at\/wordpress\/?page_id=3418"},"modified":"2023-09-17T11:40:05","modified_gmt":"2023-09-17T09:40:05","slug":"schulbeginn","status":"publish","type":"page","link":"https:\/\/www.asostockerau.at\/wordpress\/?page_id=3418","title":{"rendered":"Schulbeginn"},"content":{"rendered":"<p><span style=\"font-family: verdana, geneva, sans-serif;\">Nachdem am ersten Schultag alle Kinder gut in ihren Klassen angekommen waren, haben wir miteinander schon traditionell einen Gottesdienst gefeiert. Pastoralassistentin Nina von der Pfarre hat uns nach der biblischen Geschichte von den Talenten aufgefordert, unsere eigenen Talente und F\u00e4higkeiten zu nutzen und in die Gemeinschaft einzubringen, damit es f\u00fcr alle ein gutes Schuljahr wird. Anschlie\u00dfend stellte Frau Direktor Widy die neuen Sch\u00fcler:innen und Lehrerinnen vor und&nbsp; w\u00fcnschte uns allen ein erfolgreiches Schuljahr.<\/span><\/p>\nngg_shortcode_0_placeholder\n","protected":false},"excerpt":{"rendered":"<p>Nachdem am ersten Schultag alle Kinder gut in ihren Klassen angekommen waren, haben wir miteinander schon traditionell einen Gottesdienst gefeiert. Pastoralassistentin Nina von der Pfarre hat uns nach der biblischen Geschichte von den Talenten aufgefordert, unsere eigenen Talente und F\u00e4higkeiten zu nutzen und in die Gemeinschaft einzubringen, damit es f\u00fcr alle ein gutes Schuljahr wird. &hellip; <a href=\"https:\/\/www.asostockerau.at\/wordpress\/?page_id=3418\" class=\"more-link\"><span class=\"screen-reader-text\">Schulbeginn<\/span> weiterlesen <span class=\"meta-nav\">&rarr;<\/span><\/a><\/p>\n","protected":false},"author":5,"featured_media":0,"parent":0,"menu_order":0,"comment_status":"closed","ping_status":"closed","template":"","meta":{"ngg_post_thumbnail":0,"footnotes":""},"class_list":["post-3418","page","type-page","status-publish","hentry"],"_links":{"self":[{"href":"https:\/\/www.asostockerau.at\/wordpress\/index.php?rest_route=\/wp\/v2\/pages\/3418","targetHints":{"allow":["GET"]}}],"collection":[{"href":"https:\/\/www.asostockerau.at\/wordpress\/index.php?rest_route=\/wp\/v2\/pages"}],"about":[{"href":"https:\/\/www.asostockerau.at\/wordpress\/index.php?rest_route=\/wp\/v2\/types\/page"}],"author":[{"embeddable":true,"href":"https:\/\/www.asostockerau.at\/wordpress\/index.php?rest_route=\/wp\/v2\/users\/5"}],"replies":[{"embeddable":true,"href":"https:\/\/www.asostockerau.at\/wordpress\/index.php?rest_route=%2Fwp%2Fv2%2Fcomments&post=3418"}],"version-history":[{"count":3,"href":"https:\/\/www.asostockerau.at\/wordpress\/index.php?rest_route=\/wp\/v2\/pages\/3418\/revisions"}],"predecessor-version":[{"id":3428,"href":"https:\/\/www.asostockerau.at\/wordpress\/index.php?rest_route=\/wp\/v2\/pages\/3418\/revisions\/3428"}],"wp:attachment":[{"href":"https:\/\/www.asostockerau.at\/wordpress\/index.php?rest_route=%2Fwp%2Fv2%2Fmedia&parent=3418"}],"curies":[{"name":"wp","href":"https:\/\/api.w.org\/{rel}","templated":true}]}}