{"id":34,"date":"2017-02-28T09:19:55","date_gmt":"2017-02-28T09:19:55","guid":{"rendered":"https:\/\/www.asostockerau.at\/wordpress\/?page_id=34"},"modified":"2017-11-07T08:17:28","modified_gmt":"2017-11-07T07:17:28","slug":"unser-unterricht","status":"publish","type":"page","link":"https:\/\/www.asostockerau.at\/wordpress\/?page_id=34","title":{"rendered":"Unser Unterricht"},"content":{"rendered":"<p><span style=\"font-size: 18pt; font-family: verdana, geneva, sans-serif;\"><a href=\"https:\/\/www.asostockerau.at\/wordpress\/?page_id=36\">Unterrichtskonzept<\/a><\/span><\/p>\n<p><span style=\"font-size: 18pt; font-family: verdana, geneva, sans-serif;\"><a href=\"https:\/\/www.asostockerau.at\/wordpress\/?page_id=40\">Allgemeine Sonderschule<\/a><\/span><\/p>\n<p><span style=\"font-size: 18pt; font-family: verdana, geneva, sans-serif;\"><a href=\"https:\/\/www.asostockerau.at\/wordpress\/?page_id=42\">Sondererziehungsschule<\/a><\/span><\/p>\n<p><span style=\"font-size: 18pt; font-family: verdana, geneva, sans-serif;\"><a href=\"https:\/\/www.asostockerau.at\/wordpress\/?page_id=44\">K\u00f6rper- und sinnesbehinderte Kinder<\/a><\/span><\/p>\n<p><span style=\"font-size: 18pt; font-family: verdana, geneva, sans-serif;\"><a href=\"https:\/\/www.asostockerau.at\/wordpress\/?page_id=38\">Kinder mit erh\u00f6htem F\u00f6rderbedarf<\/a><\/span><\/p>\n<p>&nbsp;<\/p>\n","protected":false},"excerpt":{"rendered":"<p>Unterrichtskonzept Allgemeine Sonderschule Sondererziehungsschule K\u00f6rper- und sinnesbehinderte Kinder Kinder mit erh\u00f6htem F\u00f6rderbedarf &nbsp;<\/p>\n","protected":false},"author":5,"featured_media":0,"parent":0,"menu_order":0,"comment_status":"closed","ping_status":"closed","template":"","meta":{"ngg_post_thumbnail":0,"footnotes":""},"class_list":["post-34","page","type-page","status-publish","hentry"],"_links":{"self":[{"href":"https:\/\/www.asostockerau.at\/wordpress\/index.php?rest_route=\/wp\/v2\/pages\/34","targetHints":{"allow":["GET"]}}],"collection":[{"href":"https:\/\/www.asostockerau.at\/wordpress\/index.php?rest_route=\/wp\/v2\/pages"}],"about":[{"href":"https:\/\/www.asostockerau.at\/wordpress\/index.php?rest_route=\/wp\/v2\/types\/page"}],"author":[{"embeddable":true,"href":"https:\/\/www.asostockerau.at\/wordpress\/index.php?rest_route=\/wp\/v2\/users\/5"}],"replies":[{"embeddable":true,"href":"https:\/\/www.asostockerau.at\/wordpress\/index.php?rest_route=%2Fwp%2Fv2%2Fcomments&post=34"}],"version-history":[{"count":5,"href":"https:\/\/www.asostockerau.at\/wordpress\/index.php?rest_route=\/wp\/v2\/pages\/34\/revisions"}],"predecessor-version":[{"id":435,"href":"https:\/\/www.asostockerau.at\/wordpress\/index.php?rest_route=\/wp\/v2\/pages\/34\/revisions\/435"}],"wp:attachment":[{"href":"https:\/\/www.asostockerau.at\/wordpress\/index.php?rest_route=%2Fwp%2Fv2%2Fmedia&parent=34"}],"curies":[{"name":"wp","href":"https:\/\/api.w.org\/{rel}","templated":true}]}}