{"id":2425,"date":"2021-09-20T10:22:21","date_gmt":"2021-09-20T08:22:21","guid":{"rendered":"https:\/\/www.asostockerau.at\/wordpress\/?page_id=2425"},"modified":"2021-09-20T19:51:55","modified_gmt":"2021-09-20T17:51:55","slug":"jugendcoaching","status":"publish","type":"page","link":"https:\/\/www.asostockerau.at\/wordpress\/?page_id=2425","title":{"rendered":"Jugendcoaching"},"content":{"rendered":"<p><strong>JUGENDCOACHING WEINVIERTEL<\/strong><strong><br \/>\n<\/strong><strong>Information<\/strong>&nbsp;\u00b7&nbsp;<strong>Unterst\u00fctzung<\/strong><strong><br \/>\nPers\u00f6nliche Beratung<\/strong>&nbsp;\u00b7&nbsp;<strong>Begleitung<\/strong><strong><br \/>\n<\/strong>im Zusammenhang mit<br \/>\n<strong>Schule, Ausbildung und Beruf<\/strong><\/p>\n<p><span style=\"font-family: verdana, geneva, sans-serif; color: #000000;\">F\u00fcr die Sch\u00fclerInnen ab der 9.Schulstufe steht uns regelm\u00e4\u00dfig eine Beraterin zur Verf\u00fcgung.<\/span><\/p>\n<p><span style=\"font-family: verdana, geneva, sans-serif; color: #000000;\">Berufsorientierung, Karriereplanung und Bewerbungscoaching stehen im Mittelpunkt der Arbeit mit den Jugendlichen. Das Herausfinden eigener St\u00e4rken und F\u00e4higkeiten steht genauso im Vordergrund wie die Unterst\u00fctzung bei der Organisation von Praktika. F\u00fcr die Zukunft unserer Sch\u00fclerInnen ist es \u00fcberaus wichtig, realistische Perspektiven zu erarbeiten und sie mit Zuversicht in die Zukunftsgestaltung zu begleiten.<\/span><\/p>\n<p><span style=\"font-family: verdana, geneva, sans-serif; color: #000000;\">Die Teilnahme ist kostenlos. Die Eltern sind einbezogen und werden regelm\u00e4\u00dfig von der Mitarbeiterin des Jugendcoaching kontaktiert bzw. beraten.<\/span><\/p>\n","protected":false},"excerpt":{"rendered":"<p>JUGENDCOACHING WEINVIERTEL Information&nbsp;\u00b7&nbsp;Unterst\u00fctzung Pers\u00f6nliche Beratung&nbsp;\u00b7&nbsp;Begleitung im Zusammenhang mit Schule, Ausbildung und Beruf F\u00fcr die Sch\u00fclerInnen ab der 9.Schulstufe steht uns regelm\u00e4\u00dfig eine Beraterin zur Verf\u00fcgung. Berufsorientierung, Karriereplanung und Bewerbungscoaching stehen im Mittelpunkt der Arbeit mit den Jugendlichen. Das Herausfinden eigener St\u00e4rken und F\u00e4higkeiten steht genauso im Vordergrund wie die Unterst\u00fctzung bei der Organisation von Praktika. &hellip; <a href=\"https:\/\/www.asostockerau.at\/wordpress\/?page_id=2425\" class=\"more-link\"><span class=\"screen-reader-text\">Jugendcoaching<\/span> weiterlesen <span class=\"meta-nav\">&rarr;<\/span><\/a><\/p>\n","protected":false},"author":5,"featured_media":0,"parent":0,"menu_order":0,"comment_status":"closed","ping_status":"closed","template":"","meta":{"ngg_post_thumbnail":0,"footnotes":""},"class_list":["post-2425","page","type-page","status-publish","hentry"],"_links":{"self":[{"href":"https:\/\/www.asostockerau.at\/wordpress\/index.php?rest_route=\/wp\/v2\/pages\/2425","targetHints":{"allow":["GET"]}}],"collection":[{"href":"https:\/\/www.asostockerau.at\/wordpress\/index.php?rest_route=\/wp\/v2\/pages"}],"about":[{"href":"https:\/\/www.asostockerau.at\/wordpress\/index.php?rest_route=\/wp\/v2\/types\/page"}],"author":[{"embeddable":true,"href":"https:\/\/www.asostockerau.at\/wordpress\/index.php?rest_route=\/wp\/v2\/users\/5"}],"replies":[{"embeddable":true,"href":"https:\/\/www.asostockerau.at\/wordpress\/index.php?rest_route=%2Fwp%2Fv2%2Fcomments&post=2425"}],"version-history":[{"count":4,"href":"https:\/\/www.asostockerau.at\/wordpress\/index.php?rest_route=\/wp\/v2\/pages\/2425\/revisions"}],"predecessor-version":[{"id":2437,"href":"https:\/\/www.asostockerau.at\/wordpress\/index.php?rest_route=\/wp\/v2\/pages\/2425\/revisions\/2437"}],"wp:attachment":[{"href":"https:\/\/www.asostockerau.at\/wordpress\/index.php?rest_route=%2Fwp%2Fv2%2Fmedia&parent=2425"}],"curies":[{"name":"wp","href":"https:\/\/api.w.org\/{rel}","templated":true}]}}