{"id":2421,"date":"2021-09-20T10:17:57","date_gmt":"2021-09-20T08:17:57","guid":{"rendered":"https:\/\/www.asostockerau.at\/wordpress\/?page_id=2421"},"modified":"2021-09-20T10:20:37","modified_gmt":"2021-09-20T08:20:37","slug":"sozialbetreuung-an-schulen","status":"publish","type":"page","link":"https:\/\/www.asostockerau.at\/wordpress\/?page_id=2421","title":{"rendered":"Sozialbetreuung an unserer Schule"},"content":{"rendered":"<p><span style=\"font-family: verdana, geneva, sans-serif; color: #000000;\">Wir freuen uns sehr, dass wir seit dem Schuljahr 2020\/21 jeden zweiten Mittwoch von 8.00 bis 12.00 Uhr eine Jugendsozialarbeiterin f\u00fcr unsere Sch\u00fclerInnen zur Verf\u00fcgung haben. Finanziert wird dieses f\u00fcr uns so wichtige Projekt von der Gemeinde Stockerau sowie dem Land N\u00d6.<\/span><\/p>\n<p><span style=\"font-family: verdana, geneva, sans-serif; color: #000000;\">Gearbeitet wird in Kleingruppen oder Einzelsettings. F\u00fcr die Kinder ist es sehr wichtig, dass sie sich mit ihren Problemen an jemanden wenden k\u00f6nnen, der weder dem famili\u00e4ren noch dem schulischen Umfeld angeh\u00f6rt.&nbsp; Nat\u00fcrlich gilt die Verschwiegenheitspflicht, sodass das Vertrauen der Kinder gewahrt bleibt.<\/span><\/p>\n<p><span style=\"font-family: verdana, geneva, sans-serif; color: #000000;\">Auch f\u00fcr Erziehungsberechtigte, die Unterst\u00fctzung im Umgang mit ihren Kindern ben\u00f6tigen, gibt es die M\u00f6glichkeit, Kontakt aufzunehmen und ein beratendes Gespr\u00e4ch zu vereinbaren.<\/span><\/p>\n","protected":false},"excerpt":{"rendered":"<p>Wir freuen uns sehr, dass wir seit dem Schuljahr 2020\/21 jeden zweiten Mittwoch von 8.00 bis 12.00 Uhr eine Jugendsozialarbeiterin f\u00fcr unsere Sch\u00fclerInnen zur Verf\u00fcgung haben. Finanziert wird dieses f\u00fcr uns so wichtige Projekt von der Gemeinde Stockerau sowie dem Land N\u00d6. Gearbeitet wird in Kleingruppen oder Einzelsettings. F\u00fcr die Kinder ist es sehr wichtig, &hellip; <a href=\"https:\/\/www.asostockerau.at\/wordpress\/?page_id=2421\" class=\"more-link\"><span class=\"screen-reader-text\">Sozialbetreuung an unserer Schule<\/span> weiterlesen <span class=\"meta-nav\">&rarr;<\/span><\/a><\/p>\n","protected":false},"author":5,"featured_media":0,"parent":0,"menu_order":0,"comment_status":"closed","ping_status":"closed","template":"","meta":{"ngg_post_thumbnail":0,"footnotes":""},"class_list":["post-2421","page","type-page","status-publish","hentry"],"_links":{"self":[{"href":"https:\/\/www.asostockerau.at\/wordpress\/index.php?rest_route=\/wp\/v2\/pages\/2421","targetHints":{"allow":["GET"]}}],"collection":[{"href":"https:\/\/www.asostockerau.at\/wordpress\/index.php?rest_route=\/wp\/v2\/pages"}],"about":[{"href":"https:\/\/www.asostockerau.at\/wordpress\/index.php?rest_route=\/wp\/v2\/types\/page"}],"author":[{"embeddable":true,"href":"https:\/\/www.asostockerau.at\/wordpress\/index.php?rest_route=\/wp\/v2\/users\/5"}],"replies":[{"embeddable":true,"href":"https:\/\/www.asostockerau.at\/wordpress\/index.php?rest_route=%2Fwp%2Fv2%2Fcomments&post=2421"}],"version-history":[{"count":2,"href":"https:\/\/www.asostockerau.at\/wordpress\/index.php?rest_route=\/wp\/v2\/pages\/2421\/revisions"}],"predecessor-version":[{"id":2424,"href":"https:\/\/www.asostockerau.at\/wordpress\/index.php?rest_route=\/wp\/v2\/pages\/2421\/revisions\/2424"}],"wp:attachment":[{"href":"https:\/\/www.asostockerau.at\/wordpress\/index.php?rest_route=%2Fwp%2Fv2%2Fmedia&parent=2421"}],"curies":[{"name":"wp","href":"https:\/\/api.w.org\/{rel}","templated":true}]}}